{"id":4521,"date":"2025-09-23T16:10:02","date_gmt":"2025-09-23T16:10:02","guid":{"rendered":"https:\/\/vapewave.space\/?post_type=product&#038;p=4521"},"modified":"2025-10-07T08:21:28","modified_gmt":"2025-10-07T08:21:28","slug":"vozol-star-40000puffs","status":"publish","type":"product","link":"https:\/\/vapewave.space\/de\/produkt\/vozol-star-40000puffs\/","title":{"rendered":"VOZOL STAR 40000PUFFS"},"content":{"rendered":"<h1>VOZOL STAR 40000 Z\u00fcge: Dual-Mode Vaping Brillanz<\/h1>\n<p><strong>Erhellen Sie Ihr Vaping-Erlebnis!<\/strong><br \/>\nDie <strong>VOZOL STAR 40000<\/strong> ist ein bahnbrechendes Einwegger\u00e4t, das Ausdauer und geschmackliche Vielseitigkeit mit einem au\u00dfergew\u00f6hnlichen Aroma neu definiert. <strong>40.000 Z\u00fcge<\/strong> Kapazit\u00e4t (oder bis zu 25.000 im Surge-Modus f\u00fcr st\u00e4rkere Hits). Dieses hervorragende Ger\u00e4t wurde f\u00fcr Dampfer entwickelt, die kompromisslose Leistung verlangen, und ist bereits bef\u00fcllt mit <strong>20 ml<\/strong> der Pr\u00e4mie <strong>e-Fl\u00fcssigkeit<\/strong> und angetrieben von einem robusten <strong>5% (50 mg)<\/strong> Nikotinsalz, liefert glatte, befriedigende Kehle Hits, die mit jedem Zug gl\u00e4nzen. Angetrieben von einem <strong>850 mAh wiederaufladbare Batterie<\/strong> Mit USB-C-Schnellladung sorgt der STAR f\u00fcr nahtlose, langanhaltende Sessions und l\u00e4dt sich schnell wieder auf, damit du den ganzen Tag oder die ganze Nacht dampfen kannst.<\/p>\n<p><strong>Dual-Mode-Aroma-System: Verst\u00e4rken Sie Ihr Geschmackserlebnis<\/strong><br \/>\nDas innovative VOZOL STAR <strong>Dual-Mode-System<\/strong> gibt Ihnen die Kontrolle \u00fcber Ihr Geschmacksuniversum, verbessert durch hochmoderne Dual-Mesh-Coils und eine einstellbare Airflow f\u00fcr dichte Wolken und lebendige Profile:<\/p>\n<ul>\n<li><strong>Standard-Modus<\/strong>: Genie\u00dfen Sie ein konsistentes, einheitliches Geschmackserlebnis, das reichhaltig und raffiniert ist, perfekt, um Ihren Lieblingsgeschmack mit unersch\u00fctterlicher Klarheit zu genie\u00dfen.<\/li>\n<li><strong>Surge-Modus<\/strong>: Entfesseln Sie intensivere Geschmacksausbr\u00fcche und dickeren Dampf f\u00fcr ein dynamisches, hochwirksames Dampferlebnis, das jeden Zug zu neuen H\u00f6hen erhebt.<\/li>\n<\/ul>\n<p>Der STAR ist in ein schlankes, durchsichtiges Design geh\u00fcllt und verf\u00fcgt \u00fcber ein 270\u00b0-LED-Display, das mit kosmischem Flair pulsiert und sich mit Ihrer Stimmung synchronisiert. Ein intelligentes OLED-Display zeigt den Fl\u00fcssigkeits- und Batteriestand in Echtzeit an, w\u00e4hrend die ergonomische Form einen bequemen, stilvollen Griff f\u00fcr den ganzt\u00e4gigen Gebrauch gew\u00e4hrleistet.<\/p>\n<p><strong>Warum VOZOL STAR 40000 w\u00e4hlen?<\/strong><\/p>\n<ul>\n<li><strong>Epische Ausdauer<\/strong>: 40.000 Z\u00fcge f\u00fcr un\u00fcbertroffene Langlebigkeit, umweltbewusst und kosteng\u00fcnstig.<\/li>\n<li><strong>Intelligente Innovation<\/strong>: Dual-Mode-System und Typ-C-Laden f\u00fcr m\u00fchelose Vielseitigkeit.<\/li>\n<li><strong>Beherrschung des Geschmacks<\/strong>: \u00dcber 8 Premium-Profile, von knackigen Fr\u00fcchten bis hin zu k\u00f6stlichen Desserts, ganz nach Ihrem Geschmack.<\/li>\n<li><strong>Premium-Geb\u00e4ude<\/strong>: Hochwertige Materialien mit pr\u00e4ziser Nikotinabgabe f\u00fcr ein sicheres, herausragendes Erlebnis.<\/li>\n<\/ul>\n<p>Der VOZOL STAR 40000 bringt Licht ins Dunkel - Dual-Mode Brillanz trifft auf endlose M\u00f6glichkeiten! (<em>Warnung: Enth\u00e4lt Nikotin, eine s\u00fcchtig machende Chemikalie. Nur f\u00fcr Benutzer ab 18 Jahren.<\/em>)<\/p>","protected":false},"excerpt":{"rendered":"<p class=\"p1\">Dualer Modus<\/p>\n<p class=\"p1\">E-Fl\u00fcssigkeit Volumen: 20 ml<\/p>\n<p class=\"p1\">Nikotinst\u00e4rke: 5% (50 mg)<\/p>\n<p class=\"p1\">Wiederaufladbare Batterie: 850 mAh<\/p>","protected":false},"featured_media":5257,"comment_status":"open","ping_status":"closed","template":"","meta":[],"product_brand":[167],"product_cat":[152],"product_tag":[],"class_list":{"0":"post-4521","1":"product","2":"type-product","3":"status-publish","4":"has-post-thumbnail","6":"product_brand-vozol","7":"product_cat-vozol","9":"first","10":"instock","11":"sale","12":"shipping-taxable","13":"purchasable","14":"product-type-variable"},"_links":{"self":[{"href":"https:\/\/vapewave.space\/de\/wp-json\/wp\/v2\/product\/4521","targetHints":{"allow":["GET"]}}],"collection":[{"href":"https:\/\/vapewave.space\/de\/wp-json\/wp\/v2\/product"}],"about":[{"href":"https:\/\/vapewave.space\/de\/wp-json\/wp\/v2\/types\/product"}],"replies":[{"embeddable":true,"href":"https:\/\/vapewave.space\/de\/wp-json\/wp\/v2\/comments?post=4521"}],"wp:featuredmedia":[{"embeddable":true,"href":"https:\/\/vapewave.space\/de\/wp-json\/wp\/v2\/media\/5257"}],"wp:attachment":[{"href":"https:\/\/vapewave.space\/de\/wp-json\/wp\/v2\/media?parent=4521"}],"wp:term":[{"taxonomy":"product_brand","embeddable":true,"href":"https:\/\/vapewave.space\/de\/wp-json\/wp\/v2\/product_brand?post=4521"},{"taxonomy":"product_cat","embeddable":true,"href":"https:\/\/vapewave.space\/de\/wp-json\/wp\/v2\/product_cat?post=4521"},{"taxonomy":"product_tag","embeddable":true,"href":"https:\/\/vapewave.space\/de\/wp-json\/wp\/v2\/product_tag?post=4521"}],"curies":[{"name":"wp","href":"https:\/\/api.w.org\/{rel}","templated":true}]}}