{"id":5107,"date":"2025-09-29T12:21:56","date_gmt":"2025-09-29T12:21:56","guid":{"rendered":"https:\/\/vapewave.space\/?post_type=product&#038;p=5107"},"modified":"2025-10-07T08:35:41","modified_gmt":"2025-10-07T08:35:41","slug":"uwin-crystal-10k","status":"publish","type":"product","link":"https:\/\/vapewave.space\/de\/produkt\/uwin-crystal-10k\/","title":{"rendered":"UWIN KRISTALL 10K"},"content":{"rendered":"<h3 dir=\"auto\">UWIN CRYSTAL 10K: Die Kr\u00f6nung des kristallklaren Dampfens<\/h3>\n<p dir=\"auto\"><strong>Beleuchten Sie Ihr Vaping-Abenteuer!<\/strong> Treffen Sie die <strong>UWIN KRISTALL 10K<\/strong>ein atemberaubendes Einwegger\u00e4t, das einen beeindruckenden <strong>10.000 Z\u00fcge<\/strong>. Vorgef\u00fcllt mit <strong>18ml hochwertiges E-Liquid<\/strong> und mit einem robusten <strong>5% (50mg) Nikotinsalz<\/strong> (mit Optionen von 0%, 2%, 3% St\u00e4rken), bietet es eine glatte, geschmacksintensive Kehle Hit zugeschnitten auf Ihre Vorlieben. Ausgestattet mit einem <strong>650mAh wiederaufladbare Batterie<\/strong> und Typ-C-Schnellladefunktion verf\u00fcgt er \u00fcber RGB-Beleuchtungseffekte, die Ihr Dampferlebnis noch lebendiger machen. Sein schickes kristallines Design mit dem ikonischen Affenmaskottchen ist die perfekte Kombination aus Tragbarkeit und Stil, ideal f\u00fcr Trendsetter.<\/p>\n<p dir=\"auto\"><strong>Kristallene Highlights f\u00fcr ein au\u00dfergew\u00f6hnliches Erlebnis:<\/strong><\/p>\n<ul dir=\"auto\">\n<li><strong>RGB-Beleuchtungseffekte<\/strong>: Mehrfarbige Lichter pulsieren im Rhythmus und verst\u00e4rken den visuellen Reiz f\u00fcr eine pers\u00f6nliche Atmosph\u00e4re.<\/li>\n<li><strong>Eingebaute Mesh-Spule<\/strong>: Ein 0.8\u03a9 Coil sorgt f\u00fcr konsistenten, seidig-glatten Dampf und anhaltenden Geschmack bei jedem Zug.<\/li>\n<li><strong>Mehrere Nikotinoptionen<\/strong>: W\u00e4hlen Sie zwischen den St\u00e4rken 0%, 2%, 3% oder 5%, um Ihren Bed\u00fcrfnissen gerecht zu werden.<\/li>\n<li><strong>Umweltfreundliche Tragbarkeit<\/strong>: Der wiederaufladbare Akku reduziert den Abfall, das kompakte Geh\u00e4use und die 10-teilige Verpackung sorgen f\u00fcr einen Mehrwert.<\/li>\n<\/ul>\n<p dir=\"auto\">Erh\u00e4ltlich in 30 Geschmacksrichtungen wie Miami Mint, ist dieses kristalline, ergonomisch gestaltete Ger\u00e4t der perfekte Begleiter f\u00fcr unterwegs und vereint Mode, Leistung und Haltbarkeit.<\/p>\n<p dir=\"auto\"><strong>Warum UWIN CRYSTAL 10K w\u00e4hlen?<\/strong><\/p>\n<ul dir=\"auto\">\n<li><strong>Langfristiger Wert<\/strong>: Bis zu 10.000 Puffs reduzieren den Bedarf an h\u00e4ufigem Austausch und bieten ein hervorragendes Preis-Leistungs-Verh\u00e4ltnis.<\/li>\n<li><strong>Reiche Geschmacksvielfalt<\/strong>: Entdecken Sie 30 Optionen, von eisigen Fr\u00fcchten bis zu cremigen Mischungen.<\/li>\n<li><strong>Erstklassige Qualit\u00e4t<\/strong>: Hergestellt aus hochwertigen Materialien f\u00fcr ein sicheres, auslaufsicheres Erlebnis.<\/li>\n<\/ul>\n<p dir=\"auto\">Gl\u00e4nzen Sie mit jedem Zug mit dem UWIN CRYSTAL 10K - hier trifft kristalline Klarheit auf Power! (<em>Warnung: Enth\u00e4lt Nikotin, eine s\u00fcchtig machende Chemikalie. Nur f\u00fcr Benutzer ab 18 Jahren.<\/em>)<\/p>","protected":false},"excerpt":{"rendered":"<ul dir=\"auto\">\n<li><strong>RGB-Beleuchtungseffekte<\/strong>: Mehrfarbige Lichter pulsieren im Rhythmus und verst\u00e4rken den visuellen Reiz f\u00fcr eine pers\u00f6nliche Atmosph\u00e4re.<\/li>\n<li><strong>Eingebaute Mesh-Spule<\/strong>: Ein 0.8\u03a9 Coil sorgt f\u00fcr konsistenten, seidig-glatten Dampf und anhaltenden Geschmack bei jedem Zug.<\/li>\n<li><strong>Mehrere Nikotinoptionen<\/strong>: W\u00e4hlen Sie zwischen den St\u00e4rken 0%, 2%, 3% oder 5%, um Ihren Bed\u00fcrfnissen gerecht zu werden.<\/li>\n<li><strong>Umweltfreundliche Tragbarkeit<\/strong>: Der wiederaufladbare Akku reduziert den Abfall, das kompakte Geh\u00e4use und die 10-teilige Verpackung sorgen f\u00fcr einen Mehrwert.<\/li>\n<\/ul>","protected":false},"featured_media":5141,"comment_status":"open","ping_status":"closed","template":"","meta":[],"product_brand":[170],"product_cat":[158],"product_tag":[],"class_list":{"0":"post-5107","1":"product","2":"type-product","3":"status-publish","4":"has-post-thumbnail","6":"product_brand-uwin","7":"product_cat-uwin","9":"first","10":"instock","11":"sale","12":"shipping-taxable","13":"purchasable","14":"product-type-variable"},"_links":{"self":[{"href":"https:\/\/vapewave.space\/de\/wp-json\/wp\/v2\/product\/5107","targetHints":{"allow":["GET"]}}],"collection":[{"href":"https:\/\/vapewave.space\/de\/wp-json\/wp\/v2\/product"}],"about":[{"href":"https:\/\/vapewave.space\/de\/wp-json\/wp\/v2\/types\/product"}],"replies":[{"embeddable":true,"href":"https:\/\/vapewave.space\/de\/wp-json\/wp\/v2\/comments?post=5107"}],"wp:featuredmedia":[{"embeddable":true,"href":"https:\/\/vapewave.space\/de\/wp-json\/wp\/v2\/media\/5141"}],"wp:attachment":[{"href":"https:\/\/vapewave.space\/de\/wp-json\/wp\/v2\/media?parent=5107"}],"wp:term":[{"taxonomy":"product_brand","embeddable":true,"href":"https:\/\/vapewave.space\/de\/wp-json\/wp\/v2\/product_brand?post=5107"},{"taxonomy":"product_cat","embeddable":true,"href":"https:\/\/vapewave.space\/de\/wp-json\/wp\/v2\/product_cat?post=5107"},{"taxonomy":"product_tag","embeddable":true,"href":"https:\/\/vapewave.space\/de\/wp-json\/wp\/v2\/product_tag?post=5107"}],"curies":[{"name":"wp","href":"https:\/\/api.w.org\/{rel}","templated":true}]}}