{"id":5159,"date":"2025-09-29T13:38:05","date_gmt":"2025-09-29T13:38:05","guid":{"rendered":"https:\/\/vapewave.space\/?post_type=product&#038;p=5159"},"modified":"2025-10-07T08:34:57","modified_gmt":"2025-10-07T08:34:57","slug":"uwin-crystal-twins-40k","status":"publish","type":"product","link":"https:\/\/vapewave.space\/de\/produkt\/uwin-crystal-twins-40k\/","title":{"rendered":"UWIN KRISTALLZWILLINGE 40K"},"content":{"rendered":"<h3 dir=\"auto\">UWIN Crystal Twins 40K: Dual-Flavor Crystal Brilliance, 40K Puff Vaping Peak<\/h3>\n<p dir=\"auto\"><strong>Entdecke den doppelten Spa\u00df, entfache deine Vaping-Reise!<\/strong> Entdecken Sie die <strong>UWIN Kristallzwillinge 40K<\/strong>ein revolution\u00e4rer Einweg-Vaporizer mit zwei Geschmacksrichtungen, der einen beeindruckenden <strong>40.000 Z\u00fcge<\/strong> der dauerhaften Zufriedenheit. Vorgef\u00fcllt mit <strong>32ml hochwertiges E-Liquid<\/strong> (mit einem Dual-Pod-Design, bei dem mit einem Tastendruck zwischen zwei einzigartigen Geschmacksrichtungen gewechselt werden kann), bietet es flexible <strong>0%, 2%, 3% oder 5% Nikotinsalz<\/strong> Optionen f\u00fcr einen sanften, reichhaltigen Geschmack im Hals. Ausgestattet mit einem <strong>850mAh wiederaufladbare Kobalt-Batterie<\/strong> und einem Typ-C-Schnellladeanschluss, gepaart mit einem intelligenten Display f\u00fcr die Echtzeit\u00fcberwachung von Akku- und Liquidstand, sorgt er f\u00fcr ununterbrochenen Dampfgenuss. Sein kristallines Geh\u00e4use, das mit einem trendigen Affenmaskottchen verziert ist, verbindet metallischen Glanz mit Acryltextur und bietet ein stilvolles und tragbares Design, das perfekt f\u00fcr diejenigen ist, die Abwechslung und Innovation suchen.<\/p>\n<p dir=\"auto\"><strong>Crystal Twins Highlights, die das ultimative Erlebnis definieren:<\/strong><\/p>\n<ul dir=\"auto\">\n<li><strong>Dual-Flavor Switching System<\/strong>: Durch m\u00fcheloses Drehen k\u00f6nnen Sie zwischen den Geschmacksrichtungen wechseln (z. B. Strawberry Ice und Mango On Ice) und so endlose Kombinationen f\u00fcr die unterschiedlichsten Geschm\u00e4cker freischalten.<\/li>\n<li><strong>0.6\u03a9 Dual Mesh Spulen<\/strong>: Verbessert die Freisetzung von Aromen und die Dampfproduktion und sorgt so jedes Mal f\u00fcr einen sanften, intensiven Zug.<\/li>\n<li><strong>Smart-Display-Bildschirm<\/strong>: Mit der Echtzeit-\u00dcberwachung von Akku, E-Liquid und Betriebsstatus behalten Sie die Kontrolle.<\/li>\n<li><strong>\u00d6koeffizientes Design<\/strong>: Wiederaufladbare Batterie reduziert den Abfall, mit 10 St\u00fcck\/Koffer-Verpackung f\u00fcr kosteng\u00fcnstigen Gro\u00dfhandel und t\u00e4glichen Gebrauch.<\/li>\n<\/ul>\n<p dir=\"auto\">Erh\u00e4ltlich in 10 Dual-Flavour-Kombinationen (z.B. Strawberry Ice + Mango On Ice), ist dieses robuste, kompakte kristalline Zwillingsger\u00e4t die ultimative Wahl f\u00fcr den mobilen Dampfer, der Stil, Leistung und Langlebigkeit vereint.<\/p>\n<p dir=\"auto\"><strong>Warum UWIN Crystal Twins 40K w\u00e4hlen?<\/strong><\/p>\n<ul dir=\"auto\">\n<li><strong>Au\u00dfergew\u00f6hnliche Ausdauer<\/strong>: 40.000 Z\u00fcge \u00fcbertreffen bei weitem Standardger\u00e4te, was den Austausch von Ger\u00e4ten reduziert und den Wert steigert.<\/li>\n<li><strong>Doppeltes Geschmackserlebnis<\/strong>: 10 Zweierkombinationen, von eisigen Fr\u00fcchten bis zu tropischen Mischungen, f\u00fcr endlose Entdeckungen.<\/li>\n<li><strong>Erstklassige Qualit\u00e4t<\/strong>: Hergestellt aus hochwertigen Materialien f\u00fcr ein sicheres, auslaufsicheres Erlebnis.<\/li>\n<\/ul>\n<p dir=\"auto\">Entfesseln Sie die doppelte Leistung mit dem UWIN Crystal Twins 40K-Kristall-Glanz, der eine neue \u00c4ra des Verdampfens einl\u00e4utet! (<em>Warnung: Enth\u00e4lt Nikotin, eine s\u00fcchtig machende Chemikalie. Nur f\u00fcr Benutzer ab 18 Jahren.<\/em>)<\/p>","protected":false},"excerpt":{"rendered":"<ul>\n<li><strong>Au\u00dfergew\u00f6hnliche Ausdauer<\/strong>: 40.000 Z\u00fcge \u00fcbertreffen bei weitem Standardger\u00e4te, was den Austausch von Ger\u00e4ten reduziert und den Wert steigert.<\/li>\n<li><strong>Doppeltes Geschmackserlebnis<\/strong>: 10 Zweierkombinationen, von eisigen Fr\u00fcchten bis zu tropischen Mischungen, f\u00fcr endlose Entdeckungen.<\/li>\n<li><strong>Erstklassige Qualit\u00e4t<\/strong>: Hergestellt aus hochwertigen Materialien f\u00fcr ein sicheres, auslaufsicheres Erlebnis.<\/li>\n<\/ul>","protected":false},"featured_media":5175,"comment_status":"open","ping_status":"closed","template":"","meta":[],"product_brand":[170],"product_cat":[158],"product_tag":[],"class_list":{"0":"post-5159","1":"product","2":"type-product","3":"status-publish","4":"has-post-thumbnail","6":"product_brand-uwin","7":"product_cat-uwin","9":"first","10":"instock","11":"shipping-taxable","12":"purchasable","13":"product-type-variable"},"_links":{"self":[{"href":"https:\/\/vapewave.space\/de\/wp-json\/wp\/v2\/product\/5159","targetHints":{"allow":["GET"]}}],"collection":[{"href":"https:\/\/vapewave.space\/de\/wp-json\/wp\/v2\/product"}],"about":[{"href":"https:\/\/vapewave.space\/de\/wp-json\/wp\/v2\/types\/product"}],"replies":[{"embeddable":true,"href":"https:\/\/vapewave.space\/de\/wp-json\/wp\/v2\/comments?post=5159"}],"wp:featuredmedia":[{"embeddable":true,"href":"https:\/\/vapewave.space\/de\/wp-json\/wp\/v2\/media\/5175"}],"wp:attachment":[{"href":"https:\/\/vapewave.space\/de\/wp-json\/wp\/v2\/media?parent=5159"}],"wp:term":[{"taxonomy":"product_brand","embeddable":true,"href":"https:\/\/vapewave.space\/de\/wp-json\/wp\/v2\/product_brand?post=5159"},{"taxonomy":"product_cat","embeddable":true,"href":"https:\/\/vapewave.space\/de\/wp-json\/wp\/v2\/product_cat?post=5159"},{"taxonomy":"product_tag","embeddable":true,"href":"https:\/\/vapewave.space\/de\/wp-json\/wp\/v2\/product_tag?post=5159"}],"curies":[{"name":"wp","href":"https:\/\/api.w.org\/{rel}","templated":true}]}}