{"id":5391,"date":"2025-10-07T09:19:38","date_gmt":"2025-10-07T09:19:38","guid":{"rendered":"https:\/\/vapewave.space\/?post_type=product&#038;p=5391"},"modified":"2025-10-07T09:19:38","modified_gmt":"2025-10-07T09:19:38","slug":"airmez-matrix","status":"publish","type":"product","link":"https:\/\/vapewave.space\/de\/produkt\/airmez-matrix\/","title":{"rendered":"AIRMEZ MATRIX"},"content":{"rendered":"<h3 dir=\"auto\">AIRMEZ Matrix Pro 30K Einweg-Vape Produkteinf\u00fchrung<\/h3>\n<p dir=\"auto\">AIRMEZ Matrix Pro 30K ist ein innovativer, intelligenter Einwegdampfer, der High-End-Dampftechnologie mit interaktiver Unterhaltung kombiniert und als erstes intelligentes Verdampferger\u00e4t der Welt bekannt ist. Es bietet bis zu 30.000 Z\u00fcge (25.000 im regul\u00e4ren Modus, 15.000 im Matrix-Modus), ausgestattet mit einer 22ml gro\u00dfen Kapazit\u00e4t e-Fl\u00fcssigkeit und 5% Nikotinst\u00e4rke, die einen starken Kehlkopfschlag und lang anhaltende Nutzungserfahrung gew\u00e4hrleistet.<\/p>\n<h4 dir=\"auto\">Wesentliche Merkmale<\/h4>\n<ul dir=\"auto\">\n<li><strong>Nikotinst\u00e4rke<\/strong>: 5%, die einen befriedigenden Kehlkopfschlag liefert.<\/li>\n<li><strong>E-Liquid Kapazit\u00e4t<\/strong>: 22ml vorgef\u00fcllte e-Fl\u00fcssigkeit, f\u00fcr l\u00e4ngeres Dampfen.<\/li>\n<li><strong>Spulen-Technologie<\/strong>: Dual Mesh Coil (1.2\u03a9), gew\u00e4hrleistet eine gleichm\u00e4\u00dfige Erw\u00e4rmung, glatten Dampf und reichen Geschmack.<\/li>\n<li><strong>Einstellung des Luftstroms<\/strong>: Zweifach einstellbarer Luftstrom, von eng bis locker, zur Anpassung an unterschiedliche Inhalationspr\u00e4ferenzen.<\/li>\n<li><strong>Intelligenter Bildschirm<\/strong>2,1-Zoll-Gro\u00dfbildschirm, der in Echtzeit den Batteriestand, die Anzahl der Puffs und den verbleibenden Fl\u00fcssigkeitsstand anzeigt.<\/li>\n<li><strong>Bedienung durch Ber\u00fchrung<\/strong>: Reaktionsschnelles Touchpad f\u00fcr einfache Bedienung und Entriegelungsfunktionen.<\/li>\n<li><strong>Einzigartige Spielfunktion<\/strong>: Eingebautes \"Lucky Room\"-Spiel, das ein interaktives Spiel im Stil eines Spielautomaten \u00fcber das Touchpad erm\u00f6glicht und f\u00fcr zus\u00e4tzliche Unterhaltung sorgt.<\/li>\n<li><strong>Batterie-Specs<\/strong>800-mAh-Akku mit Typ-C-Schnellladung, damit das Ger\u00e4t immer einsatzbereit ist.<\/li>\n<\/ul>\n<h4 dir=\"auto\">Verf\u00fcgbare Geschmacksrichtungen<\/h4>\n<p dir=\"auto\">AIRMEZ Matrix Pro 30K bietet eine Vielzahl ansprechender Geschmacksrichtungen f\u00fcr unterschiedliche Vorlieben, darunter:<\/p>\n<ul dir=\"auto\">\n<li>Sommer-Pfirsich-Eis<\/li>\n<li>Erdbeereis<\/li>\n<li>Heidelbeere-Himbeere<\/li>\n<li>Kirsche Cola<\/li>\n<li>Kiwi Passionsfrucht Guave<\/li>\n<li>Gemischte Beeren<\/li>\n<li>Wassermelone Eis<\/li>\n<li>Und vieles mehr, wie z. B. Traubeneis, Drachenfrucht, etc.<\/li>\n<\/ul>\n<h4 dir=\"auto\">Spezifikationen<\/h4>\n<div>\n<div>\n<div><\/div>\n<\/div>\n<div dir=\"auto\">\n<div><\/div>\n<table dir=\"auto\">\n<thead>\n<tr>\n<th data-col-size=\"md\">Parameter<\/th>\n<th data-col-size=\"lg\">Einzelheiten<\/th>\n<\/tr>\n<\/thead>\n<tbody>\n<tr>\n<td data-col-size=\"md\">Anzahl der Puffs<\/td>\n<td data-col-size=\"lg\">Bis zu 30.000<\/td>\n<\/tr>\n<tr>\n<td data-col-size=\"md\">Nikotinst\u00e4rke<\/td>\n<td data-col-size=\"lg\">5%<\/td>\n<\/tr>\n<tr>\n<td data-col-size=\"md\">E-Liquid Kapazit\u00e4t<\/td>\n<td data-col-size=\"lg\">22ml<\/td>\n<\/tr>\n<tr>\n<td data-col-size=\"md\">Spule<\/td>\n<td data-col-size=\"lg\">Doppelte Masche, 1,2\u03a9<\/td>\n<\/tr>\n<tr>\n<td data-col-size=\"md\">Batterie<\/td>\n<td data-col-size=\"lg\">800mAh, wiederaufladbar Typ-C<\/td>\n<\/tr>\n<tr>\n<td data-col-size=\"md\">Bildschirm<\/td>\n<td data-col-size=\"lg\">2,1 Zoll<\/td>\n<\/tr>\n<tr>\n<td data-col-size=\"md\">Verpackung<\/td>\n<td data-col-size=\"lg\">5 St\u00fcck\/Displaybox, 200 St\u00fcck\/Karton<\/td>\n<\/tr>\n<\/tbody>\n<\/table>\n<div><\/div>\n<\/div>\n<\/div>\n<p dir=\"auto\">Dieses Ger\u00e4t bietet nicht nur eine hervorragende Verdampfungsleistung, sondern verbessert auch das Benutzererlebnis durch intelligente Funktionen und Spielelemente, wodurch es ideal f\u00fcr Verdampfungsenthusiasten ist, die Innovation und Komfort suchen.<\/p>","protected":false},"excerpt":{"rendered":"<ul dir=\"auto\">\n<li><strong>Nikotinst\u00e4rke<\/strong>: 5%, die einen befriedigenden Kehlkopfschlag liefert.<\/li>\n<li><strong>E-Liquid Kapazit\u00e4t<\/strong>: 22ml vorgef\u00fcllte e-Fl\u00fcssigkeit, f\u00fcr l\u00e4ngeres Dampfen.<\/li>\n<li><strong>Spulen-Technologie<\/strong>: Dual Mesh Coil (1.2\u03a9), gew\u00e4hrleistet eine gleichm\u00e4\u00dfige Erw\u00e4rmung, glatten Dampf und reichen Geschmack.<\/li>\n<li><strong>Einstellung des Luftstroms<\/strong>: Zweifach einstellbarer Luftstrom, von eng bis locker, zur Anpassung an unterschiedliche Inhalationspr\u00e4ferenzen.<\/li>\n<li><strong>Intelligenter Bildschirm<\/strong>2,1-Zoll-Gro\u00dfbildschirm, der in Echtzeit den Batteriestand, die Anzahl der Puffs und den verbleibenden Fl\u00fcssigkeitsstand anzeigt.<\/li>\n<li><strong>Bedienung durch Ber\u00fchrung<\/strong>: Reaktionsschnelles Touchpad f\u00fcr einfache Bedienung und Entriegelungsfunktionen.<\/li>\n<li><strong>Einzigartige Spielfunktion<\/strong>: Eingebautes \"Lucky Room\"-Spiel, das ein interaktives Spiel im Stil eines Spielautomaten \u00fcber das Touchpad erm\u00f6glicht und f\u00fcr zus\u00e4tzliche Unterhaltung sorgt.<\/li>\n<li><strong>Batterie-Specs<\/strong>800-mAh-Akku mit Typ-C-Schnellladung, damit das Ger\u00e4t immer einsatzbereit ist.<\/li>\n<\/ul>\n<h4 dir=\"auto\"><\/h4>","protected":false},"featured_media":5392,"comment_status":"open","ping_status":"closed","template":"","meta":[],"product_brand":[166],"product_cat":[165],"product_tag":[],"class_list":{"0":"post-5391","1":"product","2":"type-product","3":"status-publish","4":"has-post-thumbnail","6":"product_brand-arimez","7":"product_cat-arimez","9":"first","10":"instock","11":"shipping-taxable","12":"purchasable","13":"product-type-variable"},"_links":{"self":[{"href":"https:\/\/vapewave.space\/de\/wp-json\/wp\/v2\/product\/5391","targetHints":{"allow":["GET"]}}],"collection":[{"href":"https:\/\/vapewave.space\/de\/wp-json\/wp\/v2\/product"}],"about":[{"href":"https:\/\/vapewave.space\/de\/wp-json\/wp\/v2\/types\/product"}],"replies":[{"embeddable":true,"href":"https:\/\/vapewave.space\/de\/wp-json\/wp\/v2\/comments?post=5391"}],"wp:featuredmedia":[{"embeddable":true,"href":"https:\/\/vapewave.space\/de\/wp-json\/wp\/v2\/media\/5392"}],"wp:attachment":[{"href":"https:\/\/vapewave.space\/de\/wp-json\/wp\/v2\/media?parent=5391"}],"wp:term":[{"taxonomy":"product_brand","embeddable":true,"href":"https:\/\/vapewave.space\/de\/wp-json\/wp\/v2\/product_brand?post=5391"},{"taxonomy":"product_cat","embeddable":true,"href":"https:\/\/vapewave.space\/de\/wp-json\/wp\/v2\/product_cat?post=5391"},{"taxonomy":"product_tag","embeddable":true,"href":"https:\/\/vapewave.space\/de\/wp-json\/wp\/v2\/product_tag?post=5391"}],"curies":[{"name":"wp","href":"https:\/\/api.w.org\/{rel}","templated":true}]}}