{"id":5462,"date":"2025-10-07T10:40:56","date_gmt":"2025-10-07T10:40:56","guid":{"rendered":"https:\/\/vapewave.space\/?post_type=product&#038;p=5462"},"modified":"2025-10-07T11:05:47","modified_gmt":"2025-10-07T11:05:47","slug":"airmez-fox-4-in-1-12k","status":"publish","type":"product","link":"https:\/\/vapewave.space\/de\/produkt\/airmez-fox-4-in-1-12k\/","title":{"rendered":"AIRMEZ FOX 4 IN 1 120K"},"content":{"rendered":"<h3 dir=\"auto\">AIRMEZ Fox 4 in 1 Einweg Vape Produkt Einf\u00fchrung<\/h3>\n<p dir=\"auto\">AIRMEZ Fox 4 in 1 ist ein innovativer 4-in-1-Einwegdampfer, der vier Geschmacksrichtungen in einem Ger\u00e4t vereint, den Wechsel der Geschmacksrichtung unterst\u00fctzt und bis zu 120.000 Z\u00fcge (ca. 30.000 pro Geschmacksrichtung) bietet. Ausgestattet mit 15ml\u00d74=60ml E-Liquid mit gro\u00dfem Fassungsverm\u00f6gen und 5% Nikotinst\u00e4rke sorgt er f\u00fcr einen starken Kehlkopfschlag und ein lang anhaltendes Nutzungserlebnis.<\/p>\n<h4 dir=\"auto\">Wesentliche Merkmale<\/h4>\n<ul dir=\"auto\">\n<li><strong>Nikotinst\u00e4rke<\/strong>: 5%, die einen befriedigenden Kehlkopfschlag liefert.<\/li>\n<li><strong>E-Liquid Kapazit\u00e4t<\/strong>: 15ml\u00d74 vorgef\u00fcllte e-Fl\u00fcssigkeit, insgesamt 60ml, f\u00fcr l\u00e4ngeres Dampfen.<\/li>\n<li><strong>Spulen-Technologie<\/strong>: Mesh-Spule, die eine gleichm\u00e4\u00dfige Erw\u00e4rmung, sanften Dampf und reiches Aroma gew\u00e4hrleistet.<\/li>\n<li><strong>Geschmacksumschaltung<\/strong>: 4-in-1-Design, das den Wechsel zwischen vier unabh\u00e4ngigen Geschmacksrichtungen per Drehung oder Taste erm\u00f6glicht.<\/li>\n<li><strong>Bildschirm<\/strong>: LED-Anzeige, die in Echtzeit den aktuellen Geschmack, den Batteriestand und den verbleibenden Fl\u00fcssigkeitsstand anzeigt.<\/li>\n<li><strong>Batterie-Specs<\/strong>650-mAh-Akku mit Typ-C-Schnellladung, damit das Ger\u00e4t immer einsatzbereit ist.<\/li>\n<\/ul>\n<div aria-label=\"Airmez FOX 4 IN 1 120000 Puffs Einweg Vape Gro\u00dfhandel - Vapz Vape Gro\u00dfhandel\" data-testid=\"image-viewer\">\n<div><\/div>\n<div>\n<div title=\"Geschmacksbeispiel Cherry Love 66\">Geschmacksbeispiel Cherry Love 66<\/div>\n<\/div>\n<\/div>\n<h4 dir=\"auto\">Verf\u00fcgbare Geschmacksrichtungen<\/h4>\n<p dir=\"auto\">AIRMEZ Fox 4 in 1 bietet eine Vielzahl ansprechender Geschmackskombinationen f\u00fcr unterschiedliche Vorlieben, darunter:<\/p>\n<ul dir=\"auto\">\n<li>Erdbeere Himbeere + Erdbeere Kiwi + Pfirsich Mango Wassermelone + Erdbeereis<\/li>\n<li>Pink Lemonade + Passionskuss + Gemischte Beeren + Triple Berry<\/li>\n<li>Love 69 + Kirsche Passionsfrucht Guave + Heidelbeere Passionsfrucht Guave + Saure Mango Ananas<\/li>\n<li>Mango-Pfirsich + Tropische Fr\u00fcchte + Pfirsicheis + Saure Mango-Ananas<\/li>\n<li>Wassermeloneneis + Himbeere Wassermelone + Heidelbeere Himbeere Wassermelone + Erdbeere Wassermelone<\/li>\n<li>Und mehr, wie z. B. Pfirsich-Mango-Wassermelone + Blaubeere-Kirsche + Wassermelone-Drachenfrucht + Passionskuss, usw.<\/li>\n<\/ul>\n<h4 dir=\"auto\">Spezifikationen<\/h4>\n<div>\n<div>\n<div><\/div>\n<\/div>\n<div dir=\"auto\">\n<div><\/div>\n<table dir=\"auto\">\n<thead>\n<tr>\n<th data-col-size=\"md\">Parameter<\/th>\n<th data-col-size=\"lg\">Einzelheiten<\/th>\n<\/tr>\n<\/thead>\n<tbody>\n<tr>\n<td data-col-size=\"md\">Anzahl der Puffs<\/td>\n<td data-col-size=\"lg\">Bis zu 120.000<\/td>\n<\/tr>\n<tr>\n<td data-col-size=\"md\">Nikotinst\u00e4rke<\/td>\n<td data-col-size=\"lg\">5%<\/td>\n<\/tr>\n<tr>\n<td data-col-size=\"md\">E-Liquid Kapazit\u00e4t<\/td>\n<td data-col-size=\"lg\">15ml \u00d7 4 (insgesamt 60ml)<\/td>\n<\/tr>\n<tr>\n<td data-col-size=\"md\">Spule<\/td>\n<td data-col-size=\"lg\">Maschenspule<\/td>\n<\/tr>\n<tr>\n<td data-col-size=\"md\">Batterie<\/td>\n<td data-col-size=\"lg\">650mAh, wiederaufladbar Typ-C<\/td>\n<\/tr>\n<tr>\n<td data-col-size=\"md\">Verpackung<\/td>\n<td data-col-size=\"lg\">10 St\u00fcck\/Displaybox, 100 St\u00fcck\/Karton<\/td>\n<\/tr>\n<\/tbody>\n<\/table>\n<div><\/div>\n<\/div>\n<\/div>\n<p dir=\"auto\">Dieses Ger\u00e4t bietet nicht nur eine hervorragende Verdampfungsleistung, sondern verbessert auch das Benutzererlebnis durch die Multi-Flavor-Umschaltung und die LED-Anzeige, wodurch es ideal f\u00fcr Verdampfungsenthusiasten ist, die Abwechslung und Komfort suchen<\/p>","protected":false},"excerpt":{"rendered":"<ul dir=\"auto\">\n<li><strong>Nikotinst\u00e4rke<\/strong>: 5%, die einen befriedigenden Kehlkopfschlag liefert.<\/li>\n<li><strong>E-Liquid Kapazit\u00e4t<\/strong>: 15ml\u00d74 vorgef\u00fcllte e-Fl\u00fcssigkeit, insgesamt 60ml, f\u00fcr l\u00e4ngeres Dampfen.<\/li>\n<li><strong>Spulen-Technologie<\/strong>: Mesh-Spule, die eine gleichm\u00e4\u00dfige Erw\u00e4rmung, sanften Dampf und reiches Aroma gew\u00e4hrleistet.<\/li>\n<li><strong>Geschmacksumschaltung<\/strong>: 4-in-1-Design, das den Wechsel zwischen vier unabh\u00e4ngigen Geschmacksrichtungen per Drehung oder Taste erm\u00f6glicht.<\/li>\n<li><strong>Bildschirm<\/strong>: LED-Anzeige, die in Echtzeit den aktuellen Geschmack, den Batteriestand und den verbleibenden Fl\u00fcssigkeitsstand anzeigt.<\/li>\n<li><strong>Batterie-Specs<\/strong>650-mAh-Akku mit Typ-C-Schnellladung, damit das Ger\u00e4t immer einsatzbereit ist.<\/li>\n<\/ul>\n<div aria-label=\"Airmez FOX 4 IN 1 120000 Puffs Einweg Vape Gro\u00dfhandel - Vapz Vape Gro\u00dfhandel\" data-testid=\"image-viewer\">\n<div><\/div>\n<\/div>","protected":false},"featured_media":5475,"comment_status":"open","ping_status":"closed","template":"","meta":[],"product_brand":[166],"product_cat":[165],"product_tag":[],"class_list":{"0":"post-5462","1":"product","2":"type-product","3":"status-publish","4":"has-post-thumbnail","6":"product_brand-arimez","7":"product_cat-arimez","9":"first","10":"instock","11":"sale","12":"shipping-taxable","13":"purchasable","14":"product-type-variable"},"_links":{"self":[{"href":"https:\/\/vapewave.space\/de\/wp-json\/wp\/v2\/product\/5462","targetHints":{"allow":["GET"]}}],"collection":[{"href":"https:\/\/vapewave.space\/de\/wp-json\/wp\/v2\/product"}],"about":[{"href":"https:\/\/vapewave.space\/de\/wp-json\/wp\/v2\/types\/product"}],"replies":[{"embeddable":true,"href":"https:\/\/vapewave.space\/de\/wp-json\/wp\/v2\/comments?post=5462"}],"wp:featuredmedia":[{"embeddable":true,"href":"https:\/\/vapewave.space\/de\/wp-json\/wp\/v2\/media\/5475"}],"wp:attachment":[{"href":"https:\/\/vapewave.space\/de\/wp-json\/wp\/v2\/media?parent=5462"}],"wp:term":[{"taxonomy":"product_brand","embeddable":true,"href":"https:\/\/vapewave.space\/de\/wp-json\/wp\/v2\/product_brand?post=5462"},{"taxonomy":"product_cat","embeddable":true,"href":"https:\/\/vapewave.space\/de\/wp-json\/wp\/v2\/product_cat?post=5462"},{"taxonomy":"product_tag","embeddable":true,"href":"https:\/\/vapewave.space\/de\/wp-json\/wp\/v2\/product_tag?post=5462"}],"curies":[{"name":"wp","href":"https:\/\/api.w.org\/{rel}","templated":true}]}}