{"id":2711,"date":"2023-03-13T07:35:04","date_gmt":"2023-03-13T07:35:04","guid":{"rendered":"https:\/\/klbtheme.com\/blonwe\/?page_id=2711"},"modified":"2023-03-13T07:35:04","modified_gmt":"2023-03-13T07:35:04","slug":"terms-and-conditions","status":"publish","type":"page","link":"https:\/\/vapewave.space\/fr\/terms-and-conditions\/","title":{"rendered":"Conditions g\u00e9n\u00e9rales d'utilisation"},"content":{"rendered":"<div data-elementor-type=\"wp-page\" data-elementor-id=\"2711\" class=\"elementor elementor-2711\">\n\t\t\t\t\t\t<section class=\"elementor-section elementor-top-section elementor-element elementor-element-a2b74b4 elementor-section-boxed elementor-section-height-default elementor-section-height-default\" data-id=\"a2b74b4\" data-element_type=\"section\">\n\t\t\t\t\t\t<div class=\"elementor-container elementor-column-gap-extended\">\n\t\t\t\t\t<div class=\"elementor-column elementor-col-100 elementor-top-column elementor-element elementor-element-a19a368\" data-id=\"a19a368\" data-element_type=\"column\">\n\t\t\t<div class=\"elementor-widget-wrap elementor-element-populated\">\n\t\t\t\t\t\t<div class=\"elementor-element elementor-element-0b8bb13 elementor-widget elementor-widget-heading\" data-id=\"0b8bb13\" data-element_type=\"widget\" data-widget_type=\"heading.default\">\n\t\t\t\t\t<h3 class=\"elementor-heading-title elementor-size-default\">Nos conditions g\u00e9n\u00e9rales\n<\/h3>\t\t\t\t<\/div>\n\t\t\t\t<div class=\"elementor-element elementor-element-00e4000 elementor-widget elementor-widget-heading\" data-id=\"00e4000\" data-element_type=\"widget\" data-widget_type=\"heading.default\">\n\t\t\t\t\t<p class=\"elementor-heading-title elementor-size-default\">Il est \u00e9tabli depuis longtemps qu'un lecteur sera distrait par le contenu lisible d'une page lorsqu'il regarde sa mise en page. L'int\u00e9r\u00eat du Lorem Ipsum est qu'il pr\u00e9sente une distribution plus ou moins normale des lettres, contrairement \u00e0 l'utilisation de \"Content here, content here\", qui donne l'impression d'un anglais lisible. De nombreux logiciels de publication assist\u00e9e par ordinateur et \u00e9diteurs de pages web utilisent d\u00e9sormais le Lorem Ipsum comme texte mod\u00e8le par d\u00e9faut, et une recherche sur \"lorem ipsum\" permet de d\u00e9couvrir de nombreux sites web qui n'en sont encore qu'\u00e0 leurs balbutiements. Il existe de nombreuses variantes de passages de Lorem Ipsum, mais la plupart d'entre eux ont \u00e9t\u00e9 alt\u00e9r\u00e9s d'une mani\u00e8re ou d'une autre, par l'ajout d'humour ou de mots al\u00e9atoires qui n'ont m\u00eame pas l'air d'\u00eatre cr\u00e9dibles. Si vous avez l'intention d'utiliser un passage de Lorem Ipsum, vous devez vous assurer que rien d'embarrassant n'est cach\u00e9 au milieu du texte.\n\n<\/p>\t\t\t\t<\/div>\n\t\t\t\t\t<\/div>\n\t\t<\/div>\n\t\t\t\t\t<\/div>\n\t\t<\/section>\n\t\t\t\t<section class=\"elementor-section elementor-top-section elementor-element elementor-element-c60cd20 elementor-section-boxed elementor-section-height-default elementor-section-height-default\" data-id=\"c60cd20\" data-element_type=\"section\">\n\t\t\t\t\t\t<div class=\"elementor-container elementor-column-gap-extended\">\n\t\t\t\t\t<div class=\"elementor-column elementor-col-100 elementor-top-column elementor-element elementor-element-80daad0\" data-id=\"80daad0\" data-element_type=\"column\">\n\t\t\t<div class=\"elementor-widget-wrap elementor-element-populated\">\n\t\t\t\t\t\t<div class=\"elementor-element elementor-element-e70e954 elementor-widget elementor-widget-heading\" data-id=\"e70e954\" data-element_type=\"widget\" data-widget_type=\"heading.default\">\n\t\t\t\t\t<h3 class=\"elementor-heading-title elementor-size-default\">Commentaires<\/h3>\t\t\t\t<\/div>\n\t\t\t\t<div class=\"elementor-element elementor-element-ac1a26d elementor-widget elementor-widget-text-editor\" data-id=\"ac1a26d\" data-element_type=\"widget\" data-widget_type=\"text-editor.default\">\n\t\t\t\t\t\t\t\t\t<p>Il est \u00e9tabli depuis longtemps qu'un lecteur sera distrait par le contenu lisible d'une page lorsqu'il regarde sa mise en page. L'int\u00e9r\u00eat du Lorem Ipsum est qu'il pr\u00e9sente une distribution plus ou moins normale des lettres, contrairement \u00e0 l'utilisation de \"Content here, content here\", qui donne l'impression d'un anglais lisible. De nombreux logiciels de publication assist\u00e9e par ordinateur et \u00e9diteurs de pages web utilisent d\u00e9sormais le Lorem Ipsum comme texte mod\u00e8le par d\u00e9faut, et une recherche sur \"lorem ipsum\" permet de d\u00e9couvrir de nombreux sites web qui n'en sont encore qu'\u00e0 leurs balbutiements. Diverses versions ont \u00e9volu\u00e9 au fil des ans, parfois par accident, parfois \u00e0 dessein, en y injectant de l'humour et d'autres choses du m\u00eame genre<\/p><ol><li>Ut enim ad minima veniam, quis nostrum exercitationem ullam corporis suscipit laboriosam, nisi ut aliquid ex ea commodi consequatur<\/li><li>Quis autem vel eum iure reprehenderit qui in ea voluptate velit esse quam nihil molestiae consequatur, vel illum qui dolorem eum fugiat quo voluptas nulla pariatur<\/li><li>Et harum quidem rerum facilis est et expedita distinctio. Nam libero tempore, cum soluta nobis est eligendi optio cumque nihil impedit quo minus id quod maxime placeat facere possimus, omnis voluptas assumenda est, omnis dolor repellendus.<\/li><li>Temporibus autem quibusdam et aut officiis debitis aut rerum necessitatibus saepe eveniet ut et voluptates repudiandae sint et molestiae non recusandae.<\/li><\/ol><p>Il existe de nombreuses variantes de passages de Lorem Ipsum, mais la majorit\u00e9 d'entre eux ont \u00e9t\u00e9 alt\u00e9r\u00e9s d'une mani\u00e8re ou d'une autre, en y injectant de l'humour ou des mots al\u00e9atoires qui n'ont pas l'air un tant soit peu cr\u00e9dibles. Si vous utilisez un passage de Lorem Ipsum, vous devez vous assurer que rien d'embarrassant n'est cach\u00e9 au milieu du texte.<\/p>\t\t\t\t\t\t\t\t<\/div>\n\t\t\t\t\t<\/div>\n\t\t<\/div>\n\t\t\t\t\t<\/div>\n\t\t<\/section>\n\t\t\t\t<section class=\"elementor-section elementor-top-section elementor-element elementor-element-e1129d2 elementor-section-boxed elementor-section-height-default elementor-section-height-default\" data-id=\"e1129d2\" data-element_type=\"section\">\n\t\t\t\t\t\t<div class=\"elementor-container elementor-column-gap-extended\">\n\t\t\t\t\t<div class=\"elementor-column elementor-col-100 elementor-top-column elementor-element elementor-element-195db84\" data-id=\"195db84\" data-element_type=\"column\">\n\t\t\t<div class=\"elementor-widget-wrap elementor-element-populated\">\n\t\t\t\t\t\t<div class=\"elementor-element elementor-element-b9b7848 elementor-widget elementor-widget-heading\" data-id=\"b9b7848\" data-element_type=\"widget\" data-widget_type=\"heading.default\">\n\t\t\t\t\t<h3 class=\"elementor-heading-title elementor-size-default\">Pourquoi l'utiliser ?<\/h3>\t\t\t\t<\/div>\n\t\t\t\t<div class=\"elementor-element elementor-element-fc49b4b elementor-widget elementor-widget-text-editor\" data-id=\"fc49b4b\" data-element_type=\"widget\" data-widget_type=\"text-editor.default\">\n\t\t\t\t\t\t\t\t\t<p>Contrairement \u00e0 la croyance populaire, le Lorem Ipsum n'est pas un texte al\u00e9atoire. Il trouve son origine dans un morceau de litt\u00e9rature latine classique datant de 45 avant J.-C., ce qui lui conf\u00e8re plus de 2000 ans d'\u00e2ge. Richard McClintock, professeur de latin au Hampden-Sydney College en Virginie, a recherch\u00e9 l'un des mots latins les plus obscurs.<\/p><p>Tous les g\u00e9n\u00e9rateurs de Lorem Ipsum sur Internet ont tendance \u00e0 r\u00e9p\u00e9ter des morceaux pr\u00e9d\u00e9finis selon les besoins, ce qui fait de ce g\u00e9n\u00e9rateur le premier v\u00e9ritable g\u00e9n\u00e9rateur sur Internet. Il utilise un dictionnaire de plus de 200 mots latins, combin\u00e9 \u00e0 une poign\u00e9e de structures de phrases mod\u00e8les, pour g\u00e9n\u00e9rer un Lorem Ipsum d'apparence raisonnable. Le Lorem Ipsum g\u00e9n\u00e9r\u00e9 est donc toujours exempt de r\u00e9p\u00e9titions, d'humour inject\u00e9, de mots non caract\u00e9ristiques, etc.<\/p><ul><li>Lorem ipsum dolor sit amet, consectetur adipiscing elit, sed do eiusmod tempor incididunt ut labore et dolore magna aliqua. Ut enim ad minim veniam, quis nostrud exercitation ullamco laboris nisi ut aliquip ex ea commodo consequat.<\/li><li>Duis aute irure dolor in reprehenderit in voluptate velit esse cillum dolore eu fugiat nulla pariatur. Excepteur sint occaecat cupidatat non proident, sunt in culpa qui officia deserunt mollit anim id est laborum.<\/li><li>Personne ne rejette, n'aime ou n'\u00e9vite le plaisir lui-m\u00eame, parce qu'il est plaisir, mais parce que ceux qui ne savent pas le rechercher rationnellement en subissent les cons\u00e9quences extr\u00eamement douloureuses.<\/li><\/ul>\t\t\t\t\t\t\t\t<\/div>\n\t\t\t\t\t<\/div>\n\t\t<\/div>\n\t\t\t\t\t<\/div>\n\t\t<\/section>\n\t\t\t\t<\/div>","protected":false},"excerpt":{"rendered":"<p>\/*! elementor &#8211; v3.11.2 &#8211; 22-02-2023 *\/ .elementor-heading-title{padding:0;margin:0;line-height:1}.elementor-widget-heading .elementor-heading-title[class*=elementor-size-]&gt;a{color:inherit;font-size:inherit;line-height:inherit}.elementor-widget-heading .elementor-heading-title.elementor-size-small{font-size:15px}.elementor-widget-heading .elementor-heading-title.elementor-size-medium{font-size:19px}.elementor-widget-heading .elementor-heading-title.elementor-size-large{font-size:29px}.elementor-widget-heading .elementor-heading-title.elementor-size-xl{font-size:39px}.elementor-widget-heading .elementor-heading-title.elementor-size-xxl{font-size:59px} Our Terms &amp; Conditions It is a long established fact that a reader will be distracted by the readable content of a page when looking at its layout. The point of using Lorem Ipsum is that it has a more-or-less normal<\/p>\n<div class=\"klb-readmore button\"><a class=\"btn link\" href=\"https:\/\/vapewave.space\/fr\/terms-and-conditions\/\">Read More <i class=\"klbth-icon-right-arrow\"><\/i><\/a><\/div>","protected":false},"author":1,"featured_media":0,"parent":0,"menu_order":0,"comment_status":"closed","ping_status":"closed","template":"","meta":{"footnotes":""},"class_list":["post-2711","page","type-page","status-publish","hentry"],"_hostinger_reach_plugin_has_subscription_block":false,"_hostinger_reach_plugin_is_elementor":false,"_links":{"self":[{"href":"https:\/\/vapewave.space\/fr\/wp-json\/wp\/v2\/pages\/2711","targetHints":{"allow":["GET"]}}],"collection":[{"href":"https:\/\/vapewave.space\/fr\/wp-json\/wp\/v2\/pages"}],"about":[{"href":"https:\/\/vapewave.space\/fr\/wp-json\/wp\/v2\/types\/page"}],"author":[{"embeddable":true,"href":"https:\/\/vapewave.space\/fr\/wp-json\/wp\/v2\/users\/1"}],"replies":[{"embeddable":true,"href":"https:\/\/vapewave.space\/fr\/wp-json\/wp\/v2\/comments?post=2711"}],"version-history":[{"count":0,"href":"https:\/\/vapewave.space\/fr\/wp-json\/wp\/v2\/pages\/2711\/revisions"}],"wp:attachment":[{"href":"https:\/\/vapewave.space\/fr\/wp-json\/wp\/v2\/media?parent=2711"}],"curies":[{"name":"wp","href":"https:\/\/api.w.org\/{rel}","templated":true}]}}