{"id":4446,"date":"2025-09-23T14:08:03","date_gmt":"2025-09-23T14:08:03","guid":{"rendered":"https:\/\/vapewave.space\/?post_type=product&#038;p=4446"},"modified":"2026-04-04T09:14:05","modified_gmt":"2026-04-04T09:14:05","slug":"elfbar-ice-king-30000-puffs","status":"publish","type":"product","link":"https:\/\/vapewave.space\/fr\/produit\/elfbar-ice-king-30000-puffs\/","title":{"rendered":"ELFBAR LEC KING 30000 PUFFS"},"content":{"rendered":"<p>D\u00e9couvrez l'endurance ultime : 30000 bouff\u00e9es 5 niveaux de fra\u00eecheur personnalis\u00e9e Vape jetable<\/p>\n<p>Am\u00e9liorez votre exp\u00e9rience du vapotage !<br \/>\nCette vape jetable r\u00e9volutionnaire red\u00e9finit la long\u00e9vit\u00e9 et la portabilit\u00e9 avec une capacit\u00e9 \u00e9tonnante de 30 000 bouff\u00e9es. Pr\u00e9-rempli avec 20 ml d'e-liquide de qualit\u00e9 sup\u00e9rieure, infus\u00e9 avec un sel de nicotine robuste de 5% (50 mg), il d\u00e9livre un effet de gorge doux et satisfaisant \u00e0 chaque bouff\u00e9e. Aliment\u00e9 par une **batterie rechargeable de 850 mAh** avec charge rapide USB-C, il garantit un plaisir ininterrompu \u00e0 tout moment et en tout lieu, m\u00eame pour les gros consommateurs, et dure plusieurs jours avec facilit\u00e9.<\/p>\n<p>Refroidissement personnalis\u00e9 \u00e0 5 niveaux : Une conception innovante exclusive vous permet de contr\u00f4ler la sensation de refroidissement ! D'un rafra\u00eechissement doux \u00e0 un souffle glac\u00e9 intense, choisissez votre mode pr\u00e9f\u00e9r\u00e9 pour qu'il corresponde parfaitement \u00e0 votre humeur et \u00e0 vos pr\u00e9f\u00e9rences en mati\u00e8re de saveurs. Que vous ayez envie d'une fra\u00eecheur fruit\u00e9e vibrante ou d'une profondeur de tabac riche, cet appareil, avec son flux d'air r\u00e9glable et ses doubles bobines en maille, lib\u00e8re des saveurs audacieuses et une vapeur abondante.<\/p>\n<p>Pourquoi le choisir ?<br \/>\n- Dur\u00e9e de vie ultra-longue : 30 000 bouff\u00e9es signifient moins de remplacements et moins de d\u00e9chets, ce qui est \u00e9cologique et rentable.<br \/>\n- Pratique : design ergonomique, prise en main l\u00e9g\u00e8re et affichage num\u00e9rique pour un contr\u00f4le en temps r\u00e9el des niveaux de batterie et d'e-liquide.<br \/>\n- S\u00fbr et fiable** : Fabriqu\u00e9 avec des mat\u00e9riaux de premi\u00e8re qualit\u00e9 et un dosage pr\u00e9cis de la nicotine pour une exp\u00e9rience pure.<\/p>\n<p>Procurez-vous cette centrale de vapotage futuriste d\u00e8s maintenant et ouvrez des possibilit\u00e9s infinies ! (Avertissement : Ce produit contient de la nicotine, un produit chimique qui cr\u00e9e une d\u00e9pendance. A utiliser de mani\u00e8re responsable, \u00e0 partir de 18 ans).<\/p>","protected":false},"excerpt":{"rendered":"<p>30000PUFFS<br \/>\nCoolitude personnalis\u00e9e \u00e0 5 niveaux<br \/>\nVolume de l'e-liquide : 20 ml<br \/>\nTaux de nicotine : 5% (50 mg)<br \/>\nBatterie rechargeable : 850<\/p>","protected":false},"featured_media":4447,"comment_status":"open","ping_status":"closed","template":"","meta":[],"product_brand":[168],"product_cat":[153],"product_tag":[],"class_list":{"0":"post-4446","1":"product","2":"type-product","3":"status-publish","4":"has-post-thumbnail","6":"product_brand-elfbar","7":"product_cat-elfbar","9":"first","10":"instock","11":"sale","12":"shipping-taxable","13":"purchasable","14":"product-type-variable"},"_links":{"self":[{"href":"https:\/\/vapewave.space\/fr\/wp-json\/wp\/v2\/product\/4446","targetHints":{"allow":["GET"]}}],"collection":[{"href":"https:\/\/vapewave.space\/fr\/wp-json\/wp\/v2\/product"}],"about":[{"href":"https:\/\/vapewave.space\/fr\/wp-json\/wp\/v2\/types\/product"}],"replies":[{"embeddable":true,"href":"https:\/\/vapewave.space\/fr\/wp-json\/wp\/v2\/comments?post=4446"}],"wp:featuredmedia":[{"embeddable":true,"href":"https:\/\/vapewave.space\/fr\/wp-json\/wp\/v2\/media\/4447"}],"wp:attachment":[{"href":"https:\/\/vapewave.space\/fr\/wp-json\/wp\/v2\/media?parent=4446"}],"wp:term":[{"taxonomy":"product_brand","embeddable":true,"href":"https:\/\/vapewave.space\/fr\/wp-json\/wp\/v2\/product_brand?post=4446"},{"taxonomy":"product_cat","embeddable":true,"href":"https:\/\/vapewave.space\/fr\/wp-json\/wp\/v2\/product_cat?post=4446"},{"taxonomy":"product_tag","embeddable":true,"href":"https:\/\/vapewave.space\/fr\/wp-json\/wp\/v2\/product_tag?post=4446"}],"curies":[{"name":"wp","href":"https:\/\/api.w.org\/{rel}","templated":true}]}}