{"id":4469,"date":"2025-09-23T15:11:03","date_gmt":"2025-09-23T15:11:03","guid":{"rendered":"https:\/\/vapewave.space\/?post_type=product&#038;p=4469"},"modified":"2025-10-07T08:26:19","modified_gmt":"2025-10-07T08:26:19","slug":"elfbar-combo-pro-30000puffs","status":"publish","type":"product","link":"https:\/\/vapewave.space\/fr\/produit\/elfbar-combo-pro-30000puffs\/","title":{"rendered":"ELFBAR COMBO PRO 30000PUFFS"},"content":{"rendered":"<h3 dir=\"auto\">ELFBAR COMBO PRO 30000 Puffs : Vapeur jetable trimode r\u00e9volutionnaire<\/h3>\n<p dir=\"auto\"><strong>Am\u00e9liorez votre jeu de vapotage !<\/strong> Le <strong>ELFBAR COMBO PRO 30000<\/strong> est le summum de l'innovation dans le domaine de la vape jetable. <strong>30 000 bouff\u00e9es<\/strong> avec une polyvalence de saveurs in\u00e9gal\u00e9e. Pr\u00e9-rempli de <strong>20 ml<\/strong> de la prime <strong>e-liquide<\/strong> et aliment\u00e9 par un solide <strong>5% (50 mg)<\/strong> de nicotine, il offre une sensation de gorge douce et satisfaisante \u00e0 chaque tirage. \u00c9quip\u00e9 d'un <strong>Batterie rechargeable de 850 mAh<\/strong> et la charge rapide USB-C, cet appareil garantit des performances durables, parfaites pour les vapoteurs qui recherchent la commodit\u00e9 sans compromis.<\/p>\n<p dir=\"auto\"><strong>Syst\u00e8me d'ar\u00f4mes tri-mode : Vos go\u00fbts, vos r\u00e8gles<\/strong> Vivez l'exp\u00e9rience du vapotage comme jamais auparavant gr\u00e2ce aux trois modes personnalisables :<\/p>\n<ul dir=\"auto\">\n<li><strong>Mode mono-ar\u00f4me<\/strong>: Un seul ar\u00f4me riche pour une exp\u00e9rience pure et homog\u00e8ne, id\u00e9ale pour se faire plaisir au quotidien.<\/li>\n<li><strong>Mode double ar\u00f4me<\/strong>: Savourez une fusion audacieuse de deux saveurs compl\u00e9mentaires dans chaque bouff\u00e9e, con\u00e7ue pour les amateurs de saveurs aventureuses.<\/li>\n<li><strong>Mode de changement d'ar\u00f4me<\/strong>: Un seul bouton permet de basculer sans effort entre deux saveurs distinctes, pour que chaque session reste fra\u00eeche et excitante.<\/li>\n<\/ul>\n<p dir=\"auto\">Dot\u00e9 de bobines \u00e0 double maille et d'un flux d'air r\u00e9glable, le COMBO PRO produit des nuages denses et des saveurs vibrantes, des fruits croquants aux notes profondes de tabac. Son design \u00e9l\u00e9gant et ergonomique s'adapte parfaitement \u00e0 la main, avec un affichage num\u00e9rique pour un contr\u00f4le en temps r\u00e9el de la batterie et de l'e-liquide, rendant le vapotage sans effort et intuitif.<\/p>\n<p dir=\"auto\"><strong>Pourquoi choisir ELFBAR COMBO PRO ?<\/strong><\/p>\n<ul dir=\"auto\">\n<li><strong>Une long\u00e9vit\u00e9 in\u00e9gal\u00e9e<\/strong>: 30 000 bouff\u00e9es pour moins de remplacements, respectueux de l'environnement et du budget.<\/li>\n<li><strong>Conception intelligente<\/strong>: Chargement de type C et commutation de saveur tri-mode pour une flexibilit\u00e9 ultime.<\/li>\n<li><strong>Qualit\u00e9 sup\u00e9rieure<\/strong>: Des mat\u00e9riaux de haute qualit\u00e9 et un dosage pr\u00e9cis de la nicotine pour une exp\u00e9rience s\u00fbre et fiable.<\/li>\n<\/ul>\n<p dir=\"auto\">Le COMBO PRO d'ELFBAR offre des possibilit\u00e9s infinies en mati\u00e8re de saveurs ! (<em>Avertissement : Contient de la nicotine, un produit chimique qui cr\u00e9e une d\u00e9pendance. R\u00e9serv\u00e9 aux utilisateurs de plus de 18 ans.<\/em>)<\/p>","protected":false},"excerpt":{"rendered":"<p>Mode mono-ar\u00f4me<br \/>\nMode double ar\u00f4me<br \/>\nMode de changement d'ar\u00f4me<br \/>\nVolume de l'e-liquide : 20 ml<br \/>\nTaux de nicotine : 5% (50 mg)<br \/>\nBatterie rechargeable : 850 mAh<\/p>","protected":false},"featured_media":4485,"comment_status":"open","ping_status":"closed","template":"","meta":[],"product_brand":[168],"product_cat":[153],"product_tag":[],"class_list":{"0":"post-4469","1":"product","2":"type-product","3":"status-publish","4":"has-post-thumbnail","6":"product_brand-elfbar","7":"product_cat-elfbar","9":"first","10":"instock","11":"sale","12":"shipping-taxable","13":"purchasable","14":"product-type-variable"},"_links":{"self":[{"href":"https:\/\/vapewave.space\/fr\/wp-json\/wp\/v2\/product\/4469","targetHints":{"allow":["GET"]}}],"collection":[{"href":"https:\/\/vapewave.space\/fr\/wp-json\/wp\/v2\/product"}],"about":[{"href":"https:\/\/vapewave.space\/fr\/wp-json\/wp\/v2\/types\/product"}],"replies":[{"embeddable":true,"href":"https:\/\/vapewave.space\/fr\/wp-json\/wp\/v2\/comments?post=4469"}],"wp:featuredmedia":[{"embeddable":true,"href":"https:\/\/vapewave.space\/fr\/wp-json\/wp\/v2\/media\/4485"}],"wp:attachment":[{"href":"https:\/\/vapewave.space\/fr\/wp-json\/wp\/v2\/media?parent=4469"}],"wp:term":[{"taxonomy":"product_brand","embeddable":true,"href":"https:\/\/vapewave.space\/fr\/wp-json\/wp\/v2\/product_brand?post=4469"},{"taxonomy":"product_cat","embeddable":true,"href":"https:\/\/vapewave.space\/fr\/wp-json\/wp\/v2\/product_cat?post=4469"},{"taxonomy":"product_tag","embeddable":true,"href":"https:\/\/vapewave.space\/fr\/wp-json\/wp\/v2\/product_tag?post=4469"}],"curies":[{"name":"wp","href":"https:\/\/api.w.org\/{rel}","templated":true}]}}