{"id":4676,"date":"2025-09-25T10:35:11","date_gmt":"2025-09-25T10:35:11","guid":{"rendered":"https:\/\/darkseagreen-vulture-998190.hostingersite.com\/?post_type=product&#038;p=4676"},"modified":"2025-10-07T08:31:12","modified_gmt":"2025-10-07T08:31:12","slug":"66666","status":"publish","type":"product","link":"https:\/\/vapewave.space\/fr\/produit\/66666\/","title":{"rendered":"BANG KING 60K"},"content":{"rendered":"<h3 class=\"text-xl\" dir=\"auto\">BANG Blaze 60000 Puffs : D\u00e9clenchez la r\u00e9volution ultime des saveurs 4 en 1<\/h3>\n<p class=\"break-words\" dir=\"auto\"><strong class=\"font-semibold\">Allumez votre h\u00e9ritage en mati\u00e8re de vapotage !<\/strong> Entrez dans un monde de supr\u00e9matie vaping avec le <strong class=\"font-semibold\">BANG Blaze 60000 bouff\u00e9es<\/strong>La vape jetable r\u00e9volutionnaire qui red\u00e9finit l'endurance et la polyvalence des ar\u00f4mes avec une \u00e9tonnante capacit\u00e9 d'absorption de l'air. <strong class=\"font-semibold\">60 000 bouff\u00e9es<\/strong> capacit\u00e9. Ce chef-d'\u0153uvre royal est pr\u00e9charg\u00e9 d'une g\u00e9n\u00e9reuse quantit\u00e9 d'eau. <strong class=\"font-semibold\">18ml d'e-liquide au total<\/strong> (r\u00e9parti sur quatre dosettes distinctes de 4,5 ml), infus\u00e9 avec un puissant <strong class=\"font-semibold\">5% (50mg) sel de nicotine<\/strong> pour un hit doux et satisfaisant pour la gorge qui persiste \u00e0 chaque tirage. Aliment\u00e9 par un robuste <strong class=\"font-semibold\">Batterie rechargeable de 650mAh<\/strong> Gr\u00e2ce \u00e0 la technologie Type-C \u00e0 chargement rapide, le Blaze garantit des sessions ininterrompues. Rechargez-le en moins d'une heure et dominez votre journ\u00e9e avec une puissance ininterrompue, parfaite pour les vapoteurs qui recherchent la long\u00e9vit\u00e9 sans compromis.<\/p>\n<p class=\"break-words\" dir=\"auto\"><strong class=\"font-semibold\">Fusion de saveurs 4 en 1 : R\u00e9gnez sur votre domaine gustatif<\/strong> Le BANG Blaze se distingue par son design innovant. <strong class=\"font-semibold\">Syst\u00e8me de changement d'ar\u00f4me 4 en 1<\/strong>Le syst\u00e8me de vapotage de la VMC est un syst\u00e8me d'aspiration de l'air, pilot\u00e9 par des bobines \u00e0 double maille de 1,0\u03a9 et un affichage num\u00e9rique dynamique qui suit votre parcours en temps r\u00e9el. Passez en toute transparence d'un profil de saveur \u00e0 l'autre d'une simple rotation ou d'une pression sur un bouton, pour une odyss\u00e9e de la saveur sans \u00e9quivalent :<\/p>\n<ul class=\"marker:text-secondary\" dir=\"auto\">\n<li class=\"break-words\"><strong class=\"font-semibold\">Glace \u00e0 la past\u00e8que<\/strong>: Une explosion rafra\u00eechissante de past\u00e8que juteuse avec une finale rafra\u00eechissante.<\/li>\n<li class=\"break-words\"><strong class=\"font-semibold\">Myrtille Framboise<\/strong>: Une harmonie aigre-douce de baies m\u00fbres avec une expiration douce.<\/li>\n<li class=\"break-words\"><strong class=\"font-semibold\">P\u00eache Mangue<\/strong>: M\u00e9lange tropical de p\u00eache succulente et de mangue exotique.<\/li>\n<li class=\"break-words\"><strong class=\"font-semibold\">Glace \u00e0 l'orange<\/strong>: Un zeste d'orange piquant refroidi par une touche glac\u00e9e pour un coup de fouet revitalisant.<\/li>\n<\/ul>\n<p class=\"break-words\" dir=\"auto\">Avec son design d\u00e9grad\u00e9 jaune-orange, orn\u00e9 de la mascotte iconique du singe BANG, cet appareil est dot\u00e9 d'un \u00e9cran num\u00e9rique qui affiche l'autonomie de la batterie, le nombre de bouff\u00e9es et l'\u00e9tat du mode de fonctionnement. Sa construction ergonomique tient parfaitement en main, tandis que le flux d'air r\u00e9glable vous permet d'adapter chaque bouff\u00e9e, de la MTL serr\u00e9e aux nuages audacieux de la DTL.<\/p>\n<p class=\"break-words\" dir=\"auto\"><strong class=\"font-semibold\">Pourquoi le BANG Blaze 60000 Puffs r\u00e8gne-t-il en ma\u00eetre ?<\/strong><\/p>\n<ul class=\"marker:text-secondary\" dir=\"auto\">\n<li class=\"break-words\"><strong class=\"font-semibold\">L'endurance \u00e9pique<\/strong>60 000 bouff\u00e9es pour une satisfaction digne d'un marathon, en minimisant les d\u00e9chets et en maximisant la valeur.<\/li>\n<li class=\"break-words\"><strong class=\"font-semibold\">Ma\u00eetrise des ar\u00f4mes<\/strong>: Quatre profils de qualit\u00e9 sup\u00e9rieure dans un seul appareil, con\u00e7us pour un go\u00fbt intense et un refroidissement \u00e9quilibr\u00e9.<\/li>\n<li class=\"break-words\"><strong class=\"font-semibold\">Le confort au service de la technologie<\/strong>: Chargement Type-C et \u00e9cran intelligent pour un vapotage sans effort tout au long de la journ\u00e9e.<\/li>\n<li class=\"break-words\"><strong class=\"font-semibold\">Un savoir-faire de premier ordre<\/strong>: Des mat\u00e9riaux de haute qualit\u00e9 avec une distribution pr\u00e9cise de la nicotine pour une exp\u00e9rience s\u00fbre et sup\u00e9rieure.<\/li>\n<\/ul>\n<p class=\"break-words\" dir=\"auto\">Saisissez le BANG Blaze 60000 et dominez le royaume du vapotage avec une saveur et une puissance in\u00e9gal\u00e9es - votre tr\u00f4ne vous attend ! (<em>Avertissement : Contient de la nicotine, un produit chimique qui cr\u00e9e une d\u00e9pendance. R\u00e9serv\u00e9 aux utilisateurs de plus de 18 ans.<\/em>)<\/p>","protected":false},"excerpt":{"rendered":"<ul>\n<li><strong>L'endurance \u00e9pique<\/strong>60 000 bouff\u00e9es pour une satisfaction digne d'un marathon, en minimisant les d\u00e9chets et en maximisant la valeur.<\/li>\n<li><strong>Ma\u00eetrise des ar\u00f4mes<\/strong>: Quatre profils de qualit\u00e9 sup\u00e9rieure dans un seul appareil, con\u00e7us pour un go\u00fbt intense et un refroidissement \u00e9quilibr\u00e9.<\/li>\n<li><strong>Le confort au service de la technologie<\/strong>: Chargement Type-C et \u00e9cran intelligent pour un vapotage sans effort tout au long de la journ\u00e9e.<\/li>\n<li><strong>Un savoir-faire de premier ordre<\/strong>: Des mat\u00e9riaux de haute qualit\u00e9 avec une distribution pr\u00e9cise de la nicotine pour une exp\u00e9rience s\u00fbre et sup\u00e9rieure.<\/li>\n<\/ul>","protected":false},"featured_media":4743,"comment_status":"open","ping_status":"closed","template":"","meta":[],"product_brand":[169],"product_cat":[151],"product_tag":[],"class_list":{"0":"post-4676","1":"product","2":"type-product","3":"status-publish","4":"has-post-thumbnail","6":"product_brand-bang","7":"product_cat-bang","9":"first","10":"instock","11":"sale","12":"shipping-taxable","13":"purchasable","14":"product-type-variable"},"_links":{"self":[{"href":"https:\/\/vapewave.space\/fr\/wp-json\/wp\/v2\/product\/4676","targetHints":{"allow":["GET"]}}],"collection":[{"href":"https:\/\/vapewave.space\/fr\/wp-json\/wp\/v2\/product"}],"about":[{"href":"https:\/\/vapewave.space\/fr\/wp-json\/wp\/v2\/types\/product"}],"replies":[{"embeddable":true,"href":"https:\/\/vapewave.space\/fr\/wp-json\/wp\/v2\/comments?post=4676"}],"wp:featuredmedia":[{"embeddable":true,"href":"https:\/\/vapewave.space\/fr\/wp-json\/wp\/v2\/media\/4743"}],"wp:attachment":[{"href":"https:\/\/vapewave.space\/fr\/wp-json\/wp\/v2\/media?parent=4676"}],"wp:term":[{"taxonomy":"product_brand","embeddable":true,"href":"https:\/\/vapewave.space\/fr\/wp-json\/wp\/v2\/product_brand?post=4676"},{"taxonomy":"product_cat","embeddable":true,"href":"https:\/\/vapewave.space\/fr\/wp-json\/wp\/v2\/product_cat?post=4676"},{"taxonomy":"product_tag","embeddable":true,"href":"https:\/\/vapewave.space\/fr\/wp-json\/wp\/v2\/product_tag?post=4676"}],"curies":[{"name":"wp","href":"https:\/\/api.w.org\/{rel}","templated":true}]}}