{"id":4940,"date":"2025-09-28T13:49:04","date_gmt":"2025-09-28T13:49:04","guid":{"rendered":"https:\/\/vapewave.space\/?post_type=product&#038;p=4940"},"modified":"2025-10-07T08:19:19","modified_gmt":"2025-10-07T08:19:19","slug":"vozol-gear-powar-20k","status":"publish","type":"product","link":"https:\/\/vapewave.space\/fr\/produit\/vozol-gear-powar-20k\/","title":{"rendered":"VOZOL GEAR POWAR 20K"},"content":{"rendered":"<h3 dir=\"auto\">VOZOL NEON 45K : Lib\u00e9rez l'avenir du vapotage gr\u00e2ce \u00e0 la puissance du Dual-Pod<\/h3>\n<p dir=\"auto\"><strong>Allumez votre voyage de vapotage !<\/strong> L'exp\u00e9rience de la <strong>VOZOL NEON 45K<\/strong>La vape r\u00e9volutionnaire \u00e0 deux dosettes jetables, qui offre une puissance \u00e9tonnante de <strong>45 000 bouff\u00e9es<\/strong>. Emball\u00e9 avec <strong>18ml d'e-liquide premium<\/strong> (divis\u00e9 en deux dosettes de 9 ml pour un changement d'ar\u00f4me sans effort), il est dot\u00e9 d'un syst\u00e8me d'aspiration personnalisable. <strong>5% (50mg) sel de nicotine<\/strong> pour un effet de gorge doux et ajustable. Aliment\u00e9 par un <strong>Batterie rechargeable de 1000mAh<\/strong> Avec le chargement rapide Type-C, il se recharge en moins d'une heure, garantissant un vapotage ininterrompu lors de vos d\u00e9placements. Son design \u00e9pur\u00e9 blanc fluo avec des accents lumineux et un \u00e9cran couleur vibrant fait de chaque session un plaisir visuel.<\/p>\n<p dir=\"auto\"><strong>Des caract\u00e9ristiques exceptionnelles pour un contr\u00f4le optimal :<\/strong><\/p>\n<ul dir=\"auto\">\n<li><strong>4 niveaux de r\u00e9glage de la glace et 3 niveaux de r\u00e9glage de la nicotine<\/strong>: Adaptez votre refroidissement et l'intensit\u00e9 de la nicotine \u00e0 votre go\u00fbt, de doux \u00e0 fort.<\/li>\n<li><strong>Innovation Dual-Pod<\/strong>: Passez d'un m\u00e9lange de fruits audacieux \u00e0 un d\u00e9lice cr\u00e9meux pour un maximum de 45 000 bouff\u00e9es.<\/li>\n<li><strong>Commutation du flux d'air \u00e0 3 niveaux<\/strong>: Passez sans transition de nuages denses \u00e0 des dessins doux.<\/li>\n<li><strong>Affichage en temps r\u00e9el<\/strong>: Suivez l'\u00e9volution de la batterie, de l'e-liquide et des modes sur un \u00e9cran couleur dynamique.<\/li>\n<\/ul>\n<p dir=\"auto\">Avec 3 r\u00e9glages d'\u00e9coulement d'air, des bobines doubles et une construction \u00e9tanche, le NEON 45K est votre compagnon id\u00e9al pour vaper toute la journ\u00e9e, que vous recherchiez l'intensit\u00e9 ou la subtilit\u00e9.<\/p>\n<p dir=\"auto\"><strong>Pourquoi choisir VOZOL NEON 45K ?<\/strong><\/p>\n<ul dir=\"auto\">\n<li><strong>Une polyvalence in\u00e9gal\u00e9e<\/strong>: Deux dosettes et des commandes \u00e0 plusieurs niveaux dans un seul appareil.<\/li>\n<li><strong>Performance durable<\/strong>: 45 000 bouff\u00e9es avec recharge rapide pour une utilisation \u00e9cologique.<\/li>\n<li><strong>Qualit\u00e9 sup\u00e9rieure<\/strong>: Mat\u00e9riaux de haute qualit\u00e9 pour une vaporisation s\u00fbre et satisfaisante \u00e0 chaque fois.<\/li>\n<\/ul>\n<p dir=\"auto\">Illuminez votre monde avec VOZOL NEON 45K - o\u00f9 l'innovation rencontre la saveur ! (<em>Avertissement : Contient de la nicotine, un produit chimique qui cr\u00e9e une d\u00e9pendance. R\u00e9serv\u00e9 aux utilisateurs de plus de 18 ans.<\/em>)<\/p>","protected":false},"excerpt":{"rendered":"<ul dir=\"auto\">\n<li><strong>Une polyvalence in\u00e9gal\u00e9e<\/strong>: Deux dosettes et des commandes \u00e0 plusieurs niveaux dans un seul appareil.<\/li>\n<li><strong>Performance durable<\/strong>: 45 000 bouff\u00e9es avec recharge rapide pour une utilisation \u00e9cologique.<\/li>\n<li><strong>Qualit\u00e9 sup\u00e9rieure<\/strong>: Mat\u00e9riaux de haute qualit\u00e9 pour une vaporisation s\u00fbre et satisfaisante \u00e0 chaque fois.<\/li>\n<\/ul>","protected":false},"featured_media":4959,"comment_status":"open","ping_status":"closed","template":"","meta":[],"product_brand":[167],"product_cat":[152],"product_tag":[],"class_list":{"0":"post-4940","1":"product","2":"type-product","3":"status-publish","4":"has-post-thumbnail","6":"product_brand-vozol","7":"product_cat-vozol","9":"first","10":"instock","11":"sale","12":"shipping-taxable","13":"purchasable","14":"product-type-variable"},"_links":{"self":[{"href":"https:\/\/vapewave.space\/fr\/wp-json\/wp\/v2\/product\/4940","targetHints":{"allow":["GET"]}}],"collection":[{"href":"https:\/\/vapewave.space\/fr\/wp-json\/wp\/v2\/product"}],"about":[{"href":"https:\/\/vapewave.space\/fr\/wp-json\/wp\/v2\/types\/product"}],"replies":[{"embeddable":true,"href":"https:\/\/vapewave.space\/fr\/wp-json\/wp\/v2\/comments?post=4940"}],"wp:featuredmedia":[{"embeddable":true,"href":"https:\/\/vapewave.space\/fr\/wp-json\/wp\/v2\/media\/4959"}],"wp:attachment":[{"href":"https:\/\/vapewave.space\/fr\/wp-json\/wp\/v2\/media?parent=4940"}],"wp:term":[{"taxonomy":"product_brand","embeddable":true,"href":"https:\/\/vapewave.space\/fr\/wp-json\/wp\/v2\/product_brand?post=4940"},{"taxonomy":"product_cat","embeddable":true,"href":"https:\/\/vapewave.space\/fr\/wp-json\/wp\/v2\/product_cat?post=4940"},{"taxonomy":"product_tag","embeddable":true,"href":"https:\/\/vapewave.space\/fr\/wp-json\/wp\/v2\/product_tag?post=4940"}],"curies":[{"name":"wp","href":"https:\/\/api.w.org\/{rel}","templated":true}]}}