{"id":4977,"date":"2025-09-28T15:02:28","date_gmt":"2025-09-28T15:02:28","guid":{"rendered":"https:\/\/vapewave.space\/?post_type=product&#038;p=4977"},"modified":"2025-10-07T08:18:44","modified_gmt":"2025-10-07T08:18:44","slug":"vozol-star-20k","status":"publish","type":"product","link":"https:\/\/vapewave.space\/fr\/produit\/vozol-star-20k\/","title":{"rendered":"VOZOL STAR 20K"},"content":{"rendered":"<h3 dir=\"auto\">VOZOL NEON 45K : R\u00e9volutionnez votre exp\u00e9rience de vapotage<\/h3>\n<p dir=\"auto\"><strong>Rehaussez chaque bouff\u00e9e avec la brillance du n\u00e9on !<\/strong> D\u00e9couvrez les <strong>VOZOL NEON 45K<\/strong>La vape jetable dual-pod, qui change la donne, offre une puissance de vaporisation impressionnante et une grande souplesse d'utilisation. <strong>45 000 bouff\u00e9es<\/strong>. Charg\u00e9 de <strong>18ml d'e-liquide premium<\/strong> (divis\u00e9 en deux dosettes de 9 ml pour faciliter les \u00e9changes de saveurs), il offre un syst\u00e8me d'alimentation en eau potable personnalisable. <strong>5% (50mg) sel de nicotine<\/strong> pour un effet de gorge doux et adapt\u00e9. \u00c9quip\u00e9 d'un <strong>Batterie rechargeable de 1000mAh<\/strong> et le chargement rapide Type-C, il se recharge en moins d'une heure, ce qui vous permet de vaper sans interruption. Son design frappant blanc n\u00e9on avec des accents lumineux et un \u00e9cran couleur vibrant transforme chaque session en un spectacle \u00e9l\u00e9gant.<\/p>\n<p dir=\"auto\"><strong>Caract\u00e9ristiques principales pour un contr\u00f4le in\u00e9gal\u00e9 :<\/strong><\/p>\n<ul dir=\"auto\">\n<li><strong>4 niveaux de r\u00e9glage de la glace et 3 niveaux de r\u00e9glage de la nicotine<\/strong>: R\u00e9glez l'intensit\u00e9 du refroidissement et de la nicotine en fonction de vos pr\u00e9f\u00e9rences, de la plus douce \u00e0 la plus forte.<\/li>\n<li><strong>Conception \u00e0 double pied<\/strong>: Passez d'un m\u00e9lange de fruits vibrants \u00e0 une riche saveur cr\u00e9meuse pour un maximum de 45 000 bouff\u00e9es.<\/li>\n<li><strong>Options de flux d'air \u00e0 3 niveaux<\/strong>: Basculez facilement entre les nuages \u00e9pais et les dessins l\u00e9gers.<\/li>\n<li><strong>Affichage dynamique en couleurs<\/strong>: Surveillez la batterie, les niveaux d'e-liquide et les modes en temps r\u00e9el sur un \u00e9cran lumineux.<\/li>\n<\/ul>\n<p dir=\"auto\">Dot\u00e9 de 3 r\u00e9glages de flux d'air, de doubles bobines en mesh et d'une construction \u00e9tanche, le NEON 45K est con\u00e7u pour une utilisation tout au long de la journ\u00e9e - parfait pour des nuages intenses ou une satisfaction subtile.<\/p>\n<p dir=\"auto\"><strong>Pourquoi choisir VOZOL NEON 45K ?<\/strong><\/p>\n<ul dir=\"auto\">\n<li><strong>Une innovation polyvalente<\/strong>: Deux nacelles et des commandes \u00e0 plusieurs niveaux dans un seul appareil.<\/li>\n<li><strong>Un plaisir durable<\/strong>: 45 000 bouff\u00e9es avec recharge rapide pour une utilisation durable.<\/li>\n<li><strong>Une qualit\u00e9 de premier ordre<\/strong>: Fabriqu\u00e9 avec des mat\u00e9riaux de premi\u00e8re qualit\u00e9 pour une vape s\u00fbre et satisfaisante \u00e0 chaque fois.<\/li>\n<\/ul>\n<p dir=\"auto\">Illuminez votre monde de la vape avec VOZOL NEON 45K - o\u00f9 le style rencontre la substance ! (<em>Avertissement : Contient de la nicotine, un produit chimique qui cr\u00e9e une d\u00e9pendance. R\u00e9serv\u00e9 aux utilisateurs de plus de 18 ans.<\/em>)<\/p>","protected":false},"excerpt":{"rendered":"<ul>\n<li><strong>Une endurance sans faille<\/strong>: Jusqu'\u00e0 20 000 bouff\u00e9es, ce qui signifie moins de d\u00e9chets et plus de valeur.<\/li>\n<li><strong>L'excellence gustative<\/strong>: plus de 20 options s\u00e9lectionn\u00e9es, des fruits glac\u00e9s aux m\u00e9langes cr\u00e9meux.<\/li>\n<li><strong>Fiabilit\u00e9 de premier ordre<\/strong>: Construction de haute qualit\u00e9 pour une exp\u00e9rience s\u00fbre et \u00e9tanche.<\/li>\n<\/ul>","protected":false},"featured_media":5016,"comment_status":"open","ping_status":"closed","template":"","meta":[],"product_brand":[167],"product_cat":[152],"product_tag":[],"class_list":{"0":"post-4977","1":"product","2":"type-product","3":"status-publish","4":"has-post-thumbnail","6":"product_brand-vozol","7":"product_cat-vozol","9":"first","10":"instock","11":"sale","12":"shipping-taxable","13":"purchasable","14":"product-type-variable"},"_links":{"self":[{"href":"https:\/\/vapewave.space\/fr\/wp-json\/wp\/v2\/product\/4977","targetHints":{"allow":["GET"]}}],"collection":[{"href":"https:\/\/vapewave.space\/fr\/wp-json\/wp\/v2\/product"}],"about":[{"href":"https:\/\/vapewave.space\/fr\/wp-json\/wp\/v2\/types\/product"}],"replies":[{"embeddable":true,"href":"https:\/\/vapewave.space\/fr\/wp-json\/wp\/v2\/comments?post=4977"}],"wp:featuredmedia":[{"embeddable":true,"href":"https:\/\/vapewave.space\/fr\/wp-json\/wp\/v2\/media\/5016"}],"wp:attachment":[{"href":"https:\/\/vapewave.space\/fr\/wp-json\/wp\/v2\/media?parent=4977"}],"wp:term":[{"taxonomy":"product_brand","embeddable":true,"href":"https:\/\/vapewave.space\/fr\/wp-json\/wp\/v2\/product_brand?post=4977"},{"taxonomy":"product_cat","embeddable":true,"href":"https:\/\/vapewave.space\/fr\/wp-json\/wp\/v2\/product_cat?post=4977"},{"taxonomy":"product_tag","embeddable":true,"href":"https:\/\/vapewave.space\/fr\/wp-json\/wp\/v2\/product_tag?post=4977"}],"curies":[{"name":"wp","href":"https:\/\/api.w.org\/{rel}","templated":true}]}}