{"id":5159,"date":"2025-09-29T13:38:05","date_gmt":"2025-09-29T13:38:05","guid":{"rendered":"https:\/\/vapewave.space\/?post_type=product&#038;p=5159"},"modified":"2025-10-07T08:34:57","modified_gmt":"2025-10-07T08:34:57","slug":"uwin-crystal-twins-40k","status":"publish","type":"product","link":"https:\/\/vapewave.space\/fr\/produit\/uwin-crystal-twins-40k\/","title":{"rendered":"UWIN CRYSTAL TWINS 40K"},"content":{"rendered":"<h3 dir=\"auto\">UWIN Crystal Twins 40K : double saveur Crystal Brilliance, 40K Puff Vaping Peak<\/h3>\n<p dir=\"auto\"><strong>Doublez le plaisir, allumez votre voyage de vapotage !<\/strong> D\u00e9couvrez les <strong>UWIN Crystal Twins 40K<\/strong>La vape jetable r\u00e9volutionnaire \u00e0 double ar\u00f4me, qui offre un go\u00fbt impressionnant. <strong>40 000 bouff\u00e9es<\/strong> de satisfaction durable. Pr\u00e9-rempli avec <strong>32ml d'e-liquide premium<\/strong> (avec une conception \u00e0 double pied permettant de passer d'une touche \u00e0 l'autre pour obtenir deux saveurs uniques), il offre une grande souplesse d'utilisation. <strong>0%, 2%, 3% ou 5% sel de nicotine<\/strong> pour un effet de gorge doux et riche. \u00c9quip\u00e9 d'un <strong>Batterie rechargeable au cobalt de 850mAh<\/strong> et un port de charge rapide Type-C, associ\u00e9 \u00e0 un \u00e9cran intelligent pour un contr\u00f4le en temps r\u00e9el des niveaux de batterie et d'e-liquide, il garantit un plaisir de vapotage ininterrompu. Sa coque cristalline, orn\u00e9e d'une mascotte de singe tr\u00e8s tendance, m\u00eale \u00e9clat m\u00e9tallique et texture acrylique, offrant un design \u00e9l\u00e9gant et portable, parfait pour ceux qui recherchent la vari\u00e9t\u00e9 et l'innovation.<\/p>\n<p dir=\"auto\"><strong>Les points forts de Crystal Twins, la d\u00e9finition de l'exp\u00e9rience ultime :<\/strong><\/p>\n<ul dir=\"auto\">\n<li><strong>Syst\u00e8me de commutation \u00e0 deux ar\u00f4mes<\/strong>: Tournez sans effort pour passer d'un parfum \u00e0 l'autre (par exemple, Strawberry Ice et Mango On Ice), et d\u00e9couvrez des combinaisons infinies pour satisfaire les go\u00fbts les plus divers.<\/li>\n<li><strong>0.6\u03a9 Dual Mesh Coils<\/strong>: Am\u00e9liore la lib\u00e9ration des ar\u00f4mes et la production de vapeur, offrant une bouff\u00e9e douce et intense \u00e0 chaque fois.<\/li>\n<li><strong>\u00c9cran d'affichage intelligent<\/strong>: Le suivi en temps r\u00e9el de l'\u00e9tat de la batterie, de l'e-liquide et du mode vous permet de garder le contr\u00f4le.<\/li>\n<li><strong>Conception \u00e9co-efficace<\/strong>: La batterie rechargeable r\u00e9duit les d\u00e9chets, avec un emballage de 10 pi\u00e8ces\/bo\u00eete pour une vente en gros rentable et une utilisation quotidienne.<\/li>\n<\/ul>\n<p dir=\"auto\">Disponible en 10 combinaisons de saveurs (par exemple, Strawberry Ice + Mango On Ice), ce dispositif cristallin double, durable et compact, est le choix ultime pour les vapoteurs nomades, alliant style, performance et long\u00e9vit\u00e9.<\/p>\n<p dir=\"auto\"><strong>Pourquoi choisir UWIN Crystal Twins 40K ?<\/strong><\/p>\n<ul dir=\"auto\">\n<li><strong>Une endurance exceptionnelle<\/strong>: 40 000 bouff\u00e9es d\u00e9passent de loin les appareils standard, r\u00e9duisant les remplacements et augmentant la valeur.<\/li>\n<li><strong>Deux fois plus de plaisir gustatif<\/strong>: 10 options de combinaisons doubles, des fruits glac\u00e9s aux m\u00e9langes tropicaux, pour une exploration sans fin.<\/li>\n<li><strong>Qualit\u00e9 sup\u00e9rieure<\/strong>: Fabriqu\u00e9 avec des mat\u00e9riaux de haute qualit\u00e9 pour une exp\u00e9rience s\u00fbre et sans fuite.<\/li>\n<\/ul>\n<p dir=\"auto\">Doublez votre puissance avec le UWIN Crystal Twins 40K-crystal brilliance, et entrez dans une nouvelle \u00e8re du vapotage ! (<em>Avertissement : Contient de la nicotine, un produit chimique qui cr\u00e9e une d\u00e9pendance. R\u00e9serv\u00e9 aux utilisateurs de plus de 18 ans.<\/em>)<\/p>","protected":false},"excerpt":{"rendered":"<ul>\n<li><strong>Une endurance exceptionnelle<\/strong>: 40 000 bouff\u00e9es d\u00e9passent de loin les appareils standard, r\u00e9duisant les remplacements et augmentant la valeur.<\/li>\n<li><strong>Deux fois plus de plaisir gustatif<\/strong>: 10 options de combinaisons doubles, des fruits glac\u00e9s aux m\u00e9langes tropicaux, pour une exploration sans fin.<\/li>\n<li><strong>Qualit\u00e9 sup\u00e9rieure<\/strong>: Fabriqu\u00e9 avec des mat\u00e9riaux de haute qualit\u00e9 pour une exp\u00e9rience s\u00fbre et sans fuite.<\/li>\n<\/ul>","protected":false},"featured_media":5175,"comment_status":"open","ping_status":"closed","template":"","meta":[],"product_brand":[170],"product_cat":[158],"product_tag":[],"class_list":{"0":"post-5159","1":"product","2":"type-product","3":"status-publish","4":"has-post-thumbnail","6":"product_brand-uwin","7":"product_cat-uwin","9":"first","10":"instock","11":"shipping-taxable","12":"purchasable","13":"product-type-variable"},"_links":{"self":[{"href":"https:\/\/vapewave.space\/fr\/wp-json\/wp\/v2\/product\/5159","targetHints":{"allow":["GET"]}}],"collection":[{"href":"https:\/\/vapewave.space\/fr\/wp-json\/wp\/v2\/product"}],"about":[{"href":"https:\/\/vapewave.space\/fr\/wp-json\/wp\/v2\/types\/product"}],"replies":[{"embeddable":true,"href":"https:\/\/vapewave.space\/fr\/wp-json\/wp\/v2\/comments?post=5159"}],"wp:featuredmedia":[{"embeddable":true,"href":"https:\/\/vapewave.space\/fr\/wp-json\/wp\/v2\/media\/5175"}],"wp:attachment":[{"href":"https:\/\/vapewave.space\/fr\/wp-json\/wp\/v2\/media?parent=5159"}],"wp:term":[{"taxonomy":"product_brand","embeddable":true,"href":"https:\/\/vapewave.space\/fr\/wp-json\/wp\/v2\/product_brand?post=5159"},{"taxonomy":"product_cat","embeddable":true,"href":"https:\/\/vapewave.space\/fr\/wp-json\/wp\/v2\/product_cat?post=5159"},{"taxonomy":"product_tag","embeddable":true,"href":"https:\/\/vapewave.space\/fr\/wp-json\/wp\/v2\/product_tag?post=5159"}],"curies":[{"name":"wp","href":"https:\/\/api.w.org\/{rel}","templated":true}]}}