{"id":5189,"date":"2025-09-29T14:15:20","date_gmt":"2025-09-29T14:15:20","guid":{"rendered":"https:\/\/vapewave.space\/?post_type=product&#038;p=5189"},"modified":"2025-10-07T08:34:29","modified_gmt":"2025-10-07T08:34:29","slug":"uwin-tornado-beat-35k","status":"publish","type":"product","link":"https:\/\/vapewave.space\/fr\/produit\/uwin-tornado-beat-35k\/","title":{"rendered":"UWIN TORNADO BEAT 35K"},"content":{"rendered":"<h3 dir=\"auto\">UWIN Tornado Beat 35K : Rockin' Wild Vaping, 35K Puff Smoke Storm<\/h3>\n<p dir=\"auto\">Hey, vapers ! Imaginez ceci : une vape qui frappe comme un concert de rock - les lumi\u00e8res clignotent, les rythmes s'emballent, chaque bouff\u00e9e est un solo de guitare. C'est la vape <strong>UWIN Tornado Beat 35K<\/strong>. Cette petite b\u00eate est <strong>35 000 bouff\u00e9es<\/strong> de puissance pure, charg\u00e9 de <strong>20ml<\/strong> d'e-liquide de premi\u00e8re qualit\u00e9 et un sel de nicotine 5% (50mg) qui frappe votre gorge avec force mais avec une sensation de douceur soyeuse. Avec un <strong>950mAh<\/strong> Les lumi\u00e8res RVB dansent \u00e0 votre rythme et vous pouvez changer de parfum (Blueberry Ice ou Cherry Cola) aussi facilement que vous changez de station de radio.<\/p>\n<p dir=\"auto\"><strong>Pourquoi est-ce si cool ?<\/strong><\/p>\n<ul dir=\"auto\">\n<li><strong>Mode musique RVB<\/strong>: Les lumi\u00e8res clignotent \u00e0 chaque bouff\u00e9e, synchronisez-le avec votre liste de lecture et le vapotage se transforme en f\u00eate.<\/li>\n<li><strong>1.0\u03a9 Mesh Coil<\/strong>: Une vapeur \u00e9paisse, une saveur qui colle - chaque bouff\u00e9e vous rendra accro.<\/li>\n<li><strong>\u00c9cran intelligent<\/strong>: La batterie, l'e-liquide et le mode sont tous visibles - pas d'interruption soudaine.<\/li>\n<li><strong>Rockin' Endurance<\/strong>: 35K bouff\u00e9es, suffisantes du riff d'ouverture au final du rappel.<\/li>\n<\/ul>\n<p dir=\"auto\">Il ressemble \u00e0 une guitare futuriste dans votre main, avec une coque violette d\u00e9grad\u00e9e et un design de singe extraterrestre qui fait tourner les t\u00eates dans la rue. Laissez tomber ces b\u00e2tons de vapotage ennuyeux - prenez le Tornado Beat et vapotez comme il se doit : de mani\u00e8re sauvage et libre ! (<em>Avertissement : Contient de la nicotine, cr\u00e9e une d\u00e9pendance, 18+ seulement.<\/em>)<\/p>","protected":false},"excerpt":{"rendered":"<ul dir=\"auto\">\n<li><strong>Mode musique RVB<\/strong>: Les lumi\u00e8res clignotent \u00e0 chaque bouff\u00e9e, synchronisez-le avec votre liste de lecture et le vapotage se transforme en f\u00eate.<\/li>\n<li><strong>1.0\u03a9 Mesh Coil<\/strong>: Une vapeur \u00e9paisse, une saveur qui colle - chaque bouff\u00e9e vous rendra accro.<\/li>\n<li><strong>\u00c9cran intelligent<\/strong>: La batterie, l'e-liquide et le mode sont tous visibles - pas d'interruption soudaine.<\/li>\n<li><strong>Rockin' Endurance<\/strong>: 35K bouff\u00e9es, suffisantes du riff d'ouverture au final du rappel.<\/li>\n<\/ul>","protected":false},"featured_media":5190,"comment_status":"open","ping_status":"closed","template":"","meta":[],"product_brand":[170],"product_cat":[158],"product_tag":[],"class_list":{"0":"post-5189","1":"product","2":"type-product","3":"status-publish","4":"has-post-thumbnail","6":"product_brand-uwin","7":"product_cat-uwin","9":"first","10":"instock","11":"shipping-taxable","12":"purchasable","13":"product-type-variable"},"_links":{"self":[{"href":"https:\/\/vapewave.space\/fr\/wp-json\/wp\/v2\/product\/5189","targetHints":{"allow":["GET"]}}],"collection":[{"href":"https:\/\/vapewave.space\/fr\/wp-json\/wp\/v2\/product"}],"about":[{"href":"https:\/\/vapewave.space\/fr\/wp-json\/wp\/v2\/types\/product"}],"replies":[{"embeddable":true,"href":"https:\/\/vapewave.space\/fr\/wp-json\/wp\/v2\/comments?post=5189"}],"wp:featuredmedia":[{"embeddable":true,"href":"https:\/\/vapewave.space\/fr\/wp-json\/wp\/v2\/media\/5190"}],"wp:attachment":[{"href":"https:\/\/vapewave.space\/fr\/wp-json\/wp\/v2\/media?parent=5189"}],"wp:term":[{"taxonomy":"product_brand","embeddable":true,"href":"https:\/\/vapewave.space\/fr\/wp-json\/wp\/v2\/product_brand?post=5189"},{"taxonomy":"product_cat","embeddable":true,"href":"https:\/\/vapewave.space\/fr\/wp-json\/wp\/v2\/product_cat?post=5189"},{"taxonomy":"product_tag","embeddable":true,"href":"https:\/\/vapewave.space\/fr\/wp-json\/wp\/v2\/product_tag?post=5189"}],"curies":[{"name":"wp","href":"https:\/\/api.w.org\/{rel}","templated":true}]}}