{"id":5391,"date":"2025-10-07T09:19:38","date_gmt":"2025-10-07T09:19:38","guid":{"rendered":"https:\/\/vapewave.space\/?post_type=product&#038;p=5391"},"modified":"2025-10-07T09:19:38","modified_gmt":"2025-10-07T09:19:38","slug":"airmez-matrix","status":"publish","type":"product","link":"https:\/\/vapewave.space\/fr\/produit\/airmez-matrix\/","title":{"rendered":"MATRIX AIRMEZ"},"content":{"rendered":"<h3 dir=\"auto\">AIRMEZ Matrix Pro 30K Vape jetable Introduction du produit<\/h3>\n<p dir=\"auto\">AIRMEZ Matrix Pro 30K est une vape jetable innovante et intelligente qui associe une technologie de vapotage haut de gamme \u00e0 un divertissement interactif, connue comme le premier dispositif de vape intelligent au monde. Il offre jusqu'\u00e0 30 000 bouff\u00e9es (25 000 en mode normal, 15 000 en mode Matrix), est \u00e9quip\u00e9 d'un e-liquide de grande capacit\u00e9 de 22 ml et d'un taux de nicotine de 5%, ce qui garantit un fort effet en gorge et une exp\u00e9rience d'utilisation durable.<\/p>\n<h4 dir=\"auto\">Caract\u00e9ristiques principales<\/h4>\n<ul dir=\"auto\">\n<li><strong>Intensit\u00e9 de la nicotine<\/strong>: 5%, procurant un effet de gorge satisfaisant.<\/li>\n<li><strong>Capacit\u00e9 en e-liquide<\/strong>Le syst\u00e8me de vaporisation est compos\u00e9 de 22 ml d'e-liquide pr\u00e9-rempli, ce qui permet de prolonger la dur\u00e9e de la vaporisation.<\/li>\n<li><strong>Technologie des bobines<\/strong>: Bobine \u00e0 double maille (1,2\u03a9), assurant un chauffage uniforme, une vapeur douce et une saveur riche.<\/li>\n<li><strong>R\u00e9glage du d\u00e9bit d'air<\/strong>: D\u00e9bit d'air r\u00e9glable en deux modes, de serr\u00e9 \u00e0 l\u00e2che, s'adaptant aux diff\u00e9rentes pr\u00e9f\u00e9rences d'inhalation.<\/li>\n<li><strong>\u00c9cran intelligent<\/strong>Le syst\u00e8me d'alimentation est compos\u00e9 d'un grand \u00e9cran de 2,1 pouces qui affiche en temps r\u00e9el le niveau de la batterie, le nombre de bouff\u00e9es et le niveau de liquide restant.<\/li>\n<li><strong>Fonctionnement par contact<\/strong>: Clavier tactile r\u00e9actif pour une utilisation et des fonctions de d\u00e9verrouillage faciles.<\/li>\n<li><strong>Fonctionnalit\u00e9 unique du jeu<\/strong>: Jeu \"Lucky Room\" int\u00e9gr\u00e9, permettant un jeu interactif de type machine \u00e0 sous via le pav\u00e9 tactile, pour plus de divertissement.<\/li>\n<li><strong>Sp\u00e9cifications de la batterie<\/strong>Batterie rechargeable de 800mAh avec charge rapide Type-C, pour que l'appareil soit toujours pr\u00eat.<\/li>\n<\/ul>\n<h4 dir=\"auto\">Saveurs disponibles<\/h4>\n<p dir=\"auto\">AIRMEZ Matrix Pro 30K offre une vari\u00e9t\u00e9 de saveurs attrayantes pour r\u00e9pondre aux diff\u00e9rentes pr\u00e9f\u00e9rences, notamment<\/p>\n<ul dir=\"auto\">\n<li>Glace \u00e0 la p\u00eache d'\u00e9t\u00e9<\/li>\n<li>Glace \u00e0 la fraise<\/li>\n<li>Myrtille Framboise<\/li>\n<li>Cola \u00e0 la cerise<\/li>\n<li>Kiwi Fruit de la passion Goyave<\/li>\n<li>Baies m\u00e9lang\u00e9es<\/li>\n<li>Glace \u00e0 la past\u00e8que<\/li>\n<li>Et d'autres encore, comme la glace de raisin, le fruit du dragon, etc.<\/li>\n<\/ul>\n<h4 dir=\"auto\">Sp\u00e9cifications<\/h4>\n<div>\n<div>\n<div><\/div>\n<\/div>\n<div dir=\"auto\">\n<div><\/div>\n<table dir=\"auto\">\n<thead>\n<tr>\n<th data-col-size=\"md\">Param\u00e8tres<\/th>\n<th data-col-size=\"lg\">D\u00e9tails<\/th>\n<\/tr>\n<\/thead>\n<tbody>\n<tr>\n<td data-col-size=\"md\">Nombre de bouff\u00e9es<\/td>\n<td data-col-size=\"lg\">Jusqu'\u00e0 30 000<\/td>\n<\/tr>\n<tr>\n<td data-col-size=\"md\">Intensit\u00e9 de la nicotine<\/td>\n<td data-col-size=\"lg\">5%<\/td>\n<\/tr>\n<tr>\n<td data-col-size=\"md\">Capacit\u00e9 en e-liquide<\/td>\n<td data-col-size=\"lg\">22ml<\/td>\n<\/tr>\n<tr>\n<td data-col-size=\"md\">Bobine<\/td>\n<td data-col-size=\"lg\">Double maille, 1.2\u03a9<\/td>\n<\/tr>\n<tr>\n<td data-col-size=\"md\">Batterie<\/td>\n<td data-col-size=\"lg\">800mAh, rechargeable Type-C<\/td>\n<\/tr>\n<tr>\n<td data-col-size=\"md\">\u00c9cran<\/td>\n<td data-col-size=\"lg\">2,1 pouces<\/td>\n<\/tr>\n<tr>\n<td data-col-size=\"md\">Emballage<\/td>\n<td data-col-size=\"lg\">5 pi\u00e8ces\/bo\u00eete de pr\u00e9sentation, 200 pi\u00e8ces\/carton<\/td>\n<\/tr>\n<\/tbody>\n<\/table>\n<div><\/div>\n<\/div>\n<\/div>\n<p dir=\"auto\">Cet appareil offre non seulement d'excellentes performances de vapotage, mais il am\u00e9liore \u00e9galement l'exp\u00e9rience de l'utilisateur gr\u00e2ce \u00e0 des fonctions intelligentes et \u00e0 des \u00e9l\u00e9ments de jeu, ce qui le rend id\u00e9al pour les amateurs de vapotage \u00e0 la recherche d'innovation et de commodit\u00e9.<\/p>","protected":false},"excerpt":{"rendered":"<ul dir=\"auto\">\n<li><strong>Intensit\u00e9 de la nicotine<\/strong>: 5%, procurant un effet de gorge satisfaisant.<\/li>\n<li><strong>Capacit\u00e9 en e-liquide<\/strong>Le syst\u00e8me de vaporisation est compos\u00e9 de 22 ml d'e-liquide pr\u00e9-rempli, ce qui permet de prolonger la dur\u00e9e de la vaporisation.<\/li>\n<li><strong>Technologie des bobines<\/strong>: Bobine \u00e0 double maille (1,2\u03a9), assurant un chauffage uniforme, une vapeur douce et une saveur riche.<\/li>\n<li><strong>R\u00e9glage du d\u00e9bit d'air<\/strong>: D\u00e9bit d'air r\u00e9glable en deux modes, de serr\u00e9 \u00e0 l\u00e2che, s'adaptant aux diff\u00e9rentes pr\u00e9f\u00e9rences d'inhalation.<\/li>\n<li><strong>\u00c9cran intelligent<\/strong>Le syst\u00e8me d'alimentation est compos\u00e9 d'un grand \u00e9cran de 2,1 pouces qui affiche en temps r\u00e9el le niveau de la batterie, le nombre de bouff\u00e9es et le niveau de liquide restant.<\/li>\n<li><strong>Fonctionnement par contact<\/strong>: Clavier tactile r\u00e9actif pour une utilisation et des fonctions de d\u00e9verrouillage faciles.<\/li>\n<li><strong>Fonctionnalit\u00e9 unique du jeu<\/strong>: Jeu \"Lucky Room\" int\u00e9gr\u00e9, permettant un jeu interactif de type machine \u00e0 sous via le pav\u00e9 tactile, pour plus de divertissement.<\/li>\n<li><strong>Sp\u00e9cifications de la batterie<\/strong>Batterie rechargeable de 800mAh avec charge rapide Type-C, pour que l'appareil soit toujours pr\u00eat.<\/li>\n<\/ul>\n<h4 dir=\"auto\"><\/h4>","protected":false},"featured_media":5392,"comment_status":"open","ping_status":"closed","template":"","meta":[],"product_brand":[166],"product_cat":[165],"product_tag":[],"class_list":{"0":"post-5391","1":"product","2":"type-product","3":"status-publish","4":"has-post-thumbnail","6":"product_brand-arimez","7":"product_cat-arimez","9":"first","10":"instock","11":"shipping-taxable","12":"purchasable","13":"product-type-variable"},"_links":{"self":[{"href":"https:\/\/vapewave.space\/fr\/wp-json\/wp\/v2\/product\/5391","targetHints":{"allow":["GET"]}}],"collection":[{"href":"https:\/\/vapewave.space\/fr\/wp-json\/wp\/v2\/product"}],"about":[{"href":"https:\/\/vapewave.space\/fr\/wp-json\/wp\/v2\/types\/product"}],"replies":[{"embeddable":true,"href":"https:\/\/vapewave.space\/fr\/wp-json\/wp\/v2\/comments?post=5391"}],"wp:featuredmedia":[{"embeddable":true,"href":"https:\/\/vapewave.space\/fr\/wp-json\/wp\/v2\/media\/5392"}],"wp:attachment":[{"href":"https:\/\/vapewave.space\/fr\/wp-json\/wp\/v2\/media?parent=5391"}],"wp:term":[{"taxonomy":"product_brand","embeddable":true,"href":"https:\/\/vapewave.space\/fr\/wp-json\/wp\/v2\/product_brand?post=5391"},{"taxonomy":"product_cat","embeddable":true,"href":"https:\/\/vapewave.space\/fr\/wp-json\/wp\/v2\/product_cat?post=5391"},{"taxonomy":"product_tag","embeddable":true,"href":"https:\/\/vapewave.space\/fr\/wp-json\/wp\/v2\/product_tag?post=5391"}],"curies":[{"name":"wp","href":"https:\/\/api.w.org\/{rel}","templated":true}]}}