{"id":5489,"date":"2025-10-07T11:16:59","date_gmt":"2025-10-07T11:16:59","guid":{"rendered":"https:\/\/vapewave.space\/?post_type=product&#038;p=5489"},"modified":"2025-10-07T11:27:28","modified_gmt":"2025-10-07T11:27:28","slug":"airmez-fox-2-in-1-80k","status":"publish","type":"product","link":"https:\/\/vapewave.space\/fr\/produit\/airmez-fox-2-in-1-80k\/","title":{"rendered":"AIRMEZ FOX 2 EN 1 80K"},"content":{"rendered":"<h3 dir=\"auto\">AIRMEZ Fox 2 in 1 Disposable Vape Product Introduction<\/h3>\n<p dir=\"auto\">AIRMEZ Fox 2 en 1 est une vape jetable 2 en 1 innovante qui int\u00e8gre deux ar\u00f4mes dans un seul appareil, permettant de changer d'ar\u00f4me, offrant jusqu'\u00e0 80 000 bouff\u00e9es (environ 40 000 par ar\u00f4me), \u00e9quip\u00e9e d'un e-liquide de grande capacit\u00e9 de 15ml\u00d72=30ml et d'un taux de nicotine de 5%, assurant un fort effet de gorge et une exp\u00e9rience d'utilisation de longue dur\u00e9e.<\/p>\n<h4 dir=\"auto\">Caract\u00e9ristiques principales<\/h4>\n<ul dir=\"auto\">\n<li><strong>Intensit\u00e9 de la nicotine<\/strong>: 5%, procurant un effet de gorge satisfaisant.<\/li>\n<li><strong>Capacit\u00e9 en e-liquide<\/strong>: 15ml\u00d72 e-liquide pr\u00e9-rempli, pour un total de 30ml, permettant un usage prolong\u00e9.<\/li>\n<li><strong>Technologie des bobines<\/strong>: Bobine en maille, assurant un chauffage homog\u00e8ne, une vapeur douce et une saveur riche.<\/li>\n<li><strong>Changement d'ar\u00f4me<\/strong>Le mod\u00e8le 2 en 1 permet de passer d'une saveur \u00e0 l'autre par rotation ou par interrupteur.<\/li>\n<li><strong>\u00c9cran d'affichage<\/strong>: Affichage LED, indiquant le niveau de la batterie en temps r\u00e9el, l'ar\u00f4me actuel et le niveau de liquide restant.<\/li>\n<li><strong>Sp\u00e9cifications de la batterie<\/strong>Batterie rechargeable de 650mAh avec charge rapide Type-C, pour que l'appareil soit toujours pr\u00eat.<\/li>\n<\/ul>\n<h4 dir=\"auto\">Saveurs disponibles<\/h4>\n<p dir=\"auto\">AIRMEZ Fox 2 en 1 offre une vari\u00e9t\u00e9 de combinaisons de saveurs attrayantes pour r\u00e9pondre aux diff\u00e9rentes pr\u00e9f\u00e9rences, y compris.. :<\/p>\n<ul dir=\"auto\">\n<li>Fraise Kiwi \/ Fraise Glac\u00e9e<\/li>\n<li>Myrtille sur glace \/ Myrtille framboise<\/li>\n<li>P\u00eache glac\u00e9e \/ P\u00eache Mangue Past\u00e8que<\/li>\n<li>Glace \u00e0 la past\u00e8que \/ Past\u00e8que \u00e0 la fraise<\/li>\n<li>Baies m\u00e9lang\u00e9es \/ Triple baie<\/li>\n<li>Et plus encore, comme Sour Apple Ice \/ Green Apple, Cherry Cola \/ Cherry Lemon, etc.<\/li>\n<\/ul>\n<h4 dir=\"auto\">Sp\u00e9cifications<\/h4>\n<div>\n<div>\n<div><\/div>\n<\/div>\n<div dir=\"auto\">\n<div><\/div>\n<table dir=\"auto\">\n<thead>\n<tr>\n<th data-col-size=\"md\">Param\u00e8tres<\/th>\n<th data-col-size=\"lg\">D\u00e9tails<\/th>\n<\/tr>\n<\/thead>\n<tbody>\n<tr>\n<td data-col-size=\"md\">Nombre de bouff\u00e9es<\/td>\n<td data-col-size=\"lg\">Jusqu'\u00e0 80 000<\/td>\n<\/tr>\n<tr>\n<td data-col-size=\"md\">Intensit\u00e9 de la nicotine<\/td>\n<td data-col-size=\"lg\">5%<\/td>\n<\/tr>\n<tr>\n<td data-col-size=\"md\">Capacit\u00e9 en e-liquide<\/td>\n<td data-col-size=\"lg\">15ml \u00d7 2 (total 30ml)<\/td>\n<\/tr>\n<tr>\n<td data-col-size=\"md\">Bobine<\/td>\n<td data-col-size=\"lg\">Bobine de maille<\/td>\n<\/tr>\n<tr>\n<td data-col-size=\"md\">Batterie<\/td>\n<td data-col-size=\"lg\">650mAh, rechargeable Type-C<\/td>\n<\/tr>\n<tr>\n<td data-col-size=\"md\">Emballage<\/td>\n<td data-col-size=\"lg\">10 pi\u00e8ces\/bo\u00eete de pr\u00e9sentation, 100 pi\u00e8ces\/carton<\/td>\n<\/tr>\n<\/tbody>\n<\/table>\n<div><\/div>\n<\/div>\n<\/div>\n<p dir=\"auto\">Cet appareil offre non seulement d'excellentes performances de vapotage, mais il am\u00e9liore \u00e9galement l'exp\u00e9rience de l'utilisateur gr\u00e2ce \u00e0 la commutation des deux ar\u00f4mes et \u00e0 l'affichage LED, ce qui le rend id\u00e9al pour les amateurs de vapotage \u00e0 la recherche de vari\u00e9t\u00e9 et de commodit\u00e9.<\/p>","protected":false},"excerpt":{"rendered":"<ul dir=\"auto\">\n<li><strong>Intensit\u00e9 de la nicotine<\/strong>: 5%, procurant un effet de gorge satisfaisant.<\/li>\n<li><strong>Capacit\u00e9 en e-liquide<\/strong>: 15ml\u00d72 e-liquide pr\u00e9-rempli, pour un total de 30ml, permettant un usage prolong\u00e9.<\/li>\n<li><strong>Technologie des bobines<\/strong>: Bobine en maille, assurant un chauffage homog\u00e8ne, une vapeur douce et une saveur riche.<\/li>\n<li><strong>Changement d'ar\u00f4me<\/strong>Le mod\u00e8le 2 en 1 permet de passer d'une saveur \u00e0 l'autre par rotation ou par interrupteur.<\/li>\n<li><strong>\u00c9cran d'affichage<\/strong>: Affichage LED, indiquant le niveau de la batterie en temps r\u00e9el, l'ar\u00f4me actuel et le niveau de liquide restant.<\/li>\n<li><strong>Sp\u00e9cifications de la batterie<\/strong>Batterie rechargeable de 650mAh avec charge rapide Type-C, pour que l'appareil soit toujours pr\u00eat.<\/li>\n<\/ul>","protected":false},"featured_media":5490,"comment_status":"open","ping_status":"closed","template":"","meta":[],"product_brand":[166],"product_cat":[165],"product_tag":[],"class_list":{"0":"post-5489","1":"product","2":"type-product","3":"status-publish","4":"has-post-thumbnail","6":"product_brand-arimez","7":"product_cat-arimez","9":"first","10":"instock","11":"sale","12":"shipping-taxable","13":"purchasable","14":"product-type-variable"},"_links":{"self":[{"href":"https:\/\/vapewave.space\/fr\/wp-json\/wp\/v2\/product\/5489","targetHints":{"allow":["GET"]}}],"collection":[{"href":"https:\/\/vapewave.space\/fr\/wp-json\/wp\/v2\/product"}],"about":[{"href":"https:\/\/vapewave.space\/fr\/wp-json\/wp\/v2\/types\/product"}],"replies":[{"embeddable":true,"href":"https:\/\/vapewave.space\/fr\/wp-json\/wp\/v2\/comments?post=5489"}],"wp:featuredmedia":[{"embeddable":true,"href":"https:\/\/vapewave.space\/fr\/wp-json\/wp\/v2\/media\/5490"}],"wp:attachment":[{"href":"https:\/\/vapewave.space\/fr\/wp-json\/wp\/v2\/media?parent=5489"}],"wp:term":[{"taxonomy":"product_brand","embeddable":true,"href":"https:\/\/vapewave.space\/fr\/wp-json\/wp\/v2\/product_brand?post=5489"},{"taxonomy":"product_cat","embeddable":true,"href":"https:\/\/vapewave.space\/fr\/wp-json\/wp\/v2\/product_cat?post=5489"},{"taxonomy":"product_tag","embeddable":true,"href":"https:\/\/vapewave.space\/fr\/wp-json\/wp\/v2\/product_tag?post=5489"}],"curies":[{"name":"wp","href":"https:\/\/api.w.org\/{rel}","templated":true}]}}